{"id":11509,"date":"2025-11-01T04:38:07","date_gmt":"2025-11-01T04:38:07","guid":{"rendered":"https:\/\/dermannshop.de\/?page_id=11509"},"modified":"2026-03-08T22:54:36","modified_gmt":"2026-03-08T22:54:36","slug":"impressum-kunye","status":"publish","type":"page","link":"https:\/\/dermannshop.de\/de\/impressum-kunye\/","title":{"rendered":"K\u00fcnye"},"content":{"rendered":"<p data-start=\"201\" data-end=\"328\"><br data-start=\"219\" data-end=\"222\" \/><br data-start=\"263\" data-end=\"266\" \/>Telefon: +49 1778532936<br data-start=\"291\" data-end=\"294\" \/>E-Mail: <a class=\"decorated-link cursor-pointer\" rel=\"noopener\" data-start=\"303\" data-end=\"328\">dermannshop1@gmail.com<\/a><\/p>\n<p data-start=\"330\" data-end=\"592\"><strong data-start=\"330\" data-end=\"355\">Bevollm\u00e4chtigter Vertreter:<\/strong> Mustafa Okutan<br data-start=\"370\" data-end=\"373\" \/><strong data-start=\"373\" data-end=\"389\">Rechtlicher Rahmen:<\/strong> Gesellschaft mit beschr\u00e4nkter Haftung<br data-start=\"470\" data-end=\"473\" \/><strong data-start=\"473\" data-end=\"492\">Steuernummer:<\/strong><br data-start=\"506\" data-end=\"509\" \/><strong data-start=\"509\" data-end=\"534\">Umsatzsteuer-Identifikationsnummer:<\/strong> \u2014<br data-start=\"536\" data-end=\"539\" \/><strong data-start=\"539\" data-end=\"566\">Handelsregister:<\/strong> HRB \u2014, Zust\u00e4ndiges Gericht: \u2014<\/p>\n<p data-start=\"594\" data-end=\"664\"><strong data-start=\"594\" data-end=\"649\">Inhaltlich verantwortliche Person (gem\u00e4\u00df \u00a7 18 Abs. 2 MStV):<\/strong><\/p>\n<p data-start=\"666\" data-end=\"759\"><strong data-start=\"666\" data-end=\"721\">Online-Streitbeilegungsplattform der EU-Kommission:<\/strong><br data-start=\"721\" data-end=\"724\" \/><a class=\"decorated-link\" href=\"https:\/\/ec.europa.eu\/consumers\/odr\/\" target=\"_new\" rel=\"noopener\" data-start=\"724\" data-end=\"759\">https:\/\/ec.europa.eu\/consumers\/odr\/<\/a><\/p>\n<p data-start=\"761\" data-end=\"868\">Wir sind weder verpflichtet noch bereit, an einem Streitbeilegungsverfahren vor dem Verbraucherschlichtungsausschuss teilzunehmen.<\/p>\n<p>Impressum<\/p>\n<p>&nbsp;<\/p>\n<p>Telefon: +49 1778532936<br \/>\nE-Mail:<br \/>\nSteuernummer:<br \/>\nWebsite: www.dermannshop.de<\/p>\n<p>Inhaltlich verantwortlich nach \u00a7 18 Abs. 2MStV:<\/p>\n<p>Online-Streitbeilegung: Die EU-Kommission stellt eine Plattform zur Online-Streitbeilegung bereit: https:\/\/ec.europa.eu\/consumers\/odr\/<br \/>\nWir sind weder verpflichtet noch bereit, ein Streitbeilegungsverfahren vor einer Verbraucherschlichtungsstelle zu betreiben.<\/p>\n<p>&nbsp;<\/p>","protected":false},"excerpt":{"rendered":"<p>Telefon: +49 1778532936E-posta: dermannshop1@gmail.com Temsile Yetkili Ki\u015fi: Mustafa OkutanHukuki Yap\u0131: S\u0131n\u0131rl\u0131 sorumlu giri\u015fim \u015firketiVergi Numaras\u0131:KDV Numaras\u0131 : \u2014Ticaret Sicili :<\/p>","protected":false},"author":2,"featured_media":0,"parent":0,"menu_order":0,"comment_status":"closed","ping_status":"closed","template":"","meta":{"footnotes":""},"class_list":["post-11509","page","type-page","status-publish","hentry"],"_links":{"self":[{"href":"https:\/\/dermannshop.de\/de\/wp-json\/wp\/v2\/pages\/11509","targetHints":{"allow":["GET"]}}],"collection":[{"href":"https:\/\/dermannshop.de\/de\/wp-json\/wp\/v2\/pages"}],"about":[{"href":"https:\/\/dermannshop.de\/de\/wp-json\/wp\/v2\/types\/page"}],"author":[{"embeddable":true,"href":"https:\/\/dermannshop.de\/de\/wp-json\/wp\/v2\/users\/2"}],"replies":[{"embeddable":true,"href":"https:\/\/dermannshop.de\/de\/wp-json\/wp\/v2\/comments?post=11509"}],"version-history":[{"count":10,"href":"https:\/\/dermannshop.de\/de\/wp-json\/wp\/v2\/pages\/11509\/revisions"}],"predecessor-version":[{"id":13030,"href":"https:\/\/dermannshop.de\/de\/wp-json\/wp\/v2\/pages\/11509\/revisions\/13030"}],"wp:attachment":[{"href":"https:\/\/dermannshop.de\/de\/wp-json\/wp\/v2\/media?parent=11509"}],"curies":[{"name":"wp","href":"https:\/\/api.w.org\/{rel}","templated":true}]}}