{"id":11514,"date":"2025-11-01T04:38:45","date_gmt":"2025-11-01T04:38:45","guid":{"rendered":"https:\/\/dermannshop.de\/?page_id=11514"},"modified":"2025-11-30T00:34:08","modified_gmt":"2025-11-30T00:34:08","slug":"widerrufsbelehrung-widerrufsbelehrun","status":"publish","type":"page","link":"https:\/\/dermannshop.de\/de\/widerrufsbelehrung-widerrufsbelehrun\/","title":{"rendered":"\u0130ptal Politikas\u0131"},"content":{"rendered":"<h3 data-start=\"202\" data-end=\"221\"><strong data-start=\"206\" data-end=\"221\">Widerrufsrecht<\/strong><\/h3>\n<p data-start=\"222\" data-end=\"429\">Verbraucher k\u00f6nnen den Vertrag ohne Angabe von Gr\u00fcnden k\u00fcndigen. <strong data-start=\"280\" data-end=\"297\">Innerhalb von 14 Tagen<\/strong> Sie haben das Recht, die Bestellung zu stornieren. Diese Frist beginnt, sobald Sie oder ein Dritter, der die Lieferung in Ihrem Namen entgegennimmt, das Produkt erhalten haben.<\/p>\n<p data-start=\"431\" data-end=\"676\">Um Ihr Widerrufsrecht auszu\u00fcben, senden Sie einfach eine eindeutige Mitteilung per E-Mail oder Post an die folgende Adresse:<br data-start=\"543\" data-end=\"546\" \/><strong data-start=\"546\" data-end=\"618\">Ramazan Y\u0131lmaz, Breite Stra\u00dfe 66, 47169 Duisburg, Deutschland<br data-start=\"605\" data-end=\"608\" \/>E-Mail:<\/strong> <a class=\"decorated-link cursor-pointer\" rel=\"noopener\" data-start=\"619\" data-end=\"644\">dermannshop1@gmail.com<\/a><br data-start=\"644\" data-end=\"647\" \/><strong data-start=\"647\" data-end=\"659\">Telefon:<\/strong> +49 176 17838156<\/p>\n<hr data-start=\"678\" data-end=\"681\" \/>\n<h3 data-start=\"683\" data-end=\"709\"><strong data-start=\"687\" data-end=\"709\">Folgen des Entzugs<\/strong><\/h3>\n<p data-start=\"710\" data-end=\"898\">Sobald das Produkt bei uns eingegangen ist, erstatten wir Ihnen alle Zahlungen (einschlie\u00dflich der Standardversandkosten) sp\u00e4testens am <strong data-start=\"803\" data-end=\"820\">Innerhalb von 14 Tagen<\/strong> Wir schicken es zur\u00fcck.<br data-start=\"835\" data-end=\"838\" \/>R\u00fcckerstattungen erfolgen \u00fcber die gleiche Zahlungsmethode, die f\u00fcr den urspr\u00fcnglichen Kauf verwendet wurde.<\/p>\n<hr data-start=\"900\" data-end=\"903\" \/>\n<h2 data-start=\"905\" data-end=\"959\"><strong data-start=\"908\" data-end=\"959\">Ausnahmen vom Widerrufsrecht (f\u00fcr Lebensmittel)<\/strong><\/h2>\n<p data-start=\"960\" data-end=\"1039\">Sie haben das Recht, vom Vertrag f\u00fcr die folgenden Produkte zur\u00fcckzutreten. <strong data-start=\"992\" data-end=\"1011\">nicht verf\u00fcgbar<\/strong> oder es endet vorzeitig:<\/p>\n<ul data-start=\"1041\" data-end=\"1274\">\n<li data-start=\"1041\" data-end=\"1077\">\n<p data-start=\"1043\" data-end=\"1077\">Verderbliche Lebensmittel,<\/p>\n<\/li>\n<li data-start=\"1078\" data-end=\"1197\">\n<p data-start=\"1080\" data-end=\"1197\">Produkte, die aus Gr\u00fcnden der Gesundheit und Hygiene nicht zur\u00fcckgegeben werden k\u00f6nnen, oder Produkte, deren Verpackung nach der Lieferung ge\u00f6ffnet oder deren Siegel besch\u00e4digt wurde,<\/p>\n<\/li>\n<li data-start=\"1198\" data-end=\"1274\">\n<p data-start=\"1200\" data-end=\"1274\">Produkte werden auf Kundenwunsch speziell gemischt oder zubereitet.<\/p>\n<\/li>\n<\/ul>\n<p data-start=\"1276\" data-end=\"1511\">Diese Ausnahmen gelten insbesondere f\u00fcr die folgenden Produktgruppen: <strong data-start=\"1337\" data-end=\"1395\">Oliven\u00f6l, N\u00fcsse, t\u00fcrkischer Honig und \u00e4hnliche Lebensmittel.<\/strong><br data-start=\"1395\" data-end=\"1398\" \/>Ge\u00f6ffnete, ausprobierte oder nicht mehr hygienische Produkte sowie Produkte, die nicht mehr zum Verzehr geeignet sind, werden nicht zur\u00fcckgenommen.<\/p>\n<p data-start=\"1276\" data-end=\"1511\">\n<p>Widerrufsbelehrung<\/p>\n<p>Widerrufsrecht<br \/>\nVerbraucher haben das Recht, innerhalb von 14 Tagen ohne Angabe von Gr\u00fcnden den Vertrag zu widerrufen. Die Frist beginnt an dem Tag, an dem du oder ein von dir benannter Dritter die Waren im Besitz von Genomemen hast.<\/p>\n<p>Zur Aus\u00fcbung des Widerrufsrechts gen\u00fcgt eine eindeutige Erkl\u00e4rung per E-Mail oder Post an:<br \/>\nRamazan Y\u0131lmaz, Breite Stra\u00dfe 66, 47169 Duisburg, Deutschland,<br \/>\nE-Mail: yilmaz68ramazan@gmail.com, Telefon: +49 176 17838156.<\/p>\n<p>Folgen des Widerrufs<br \/>\nWir erstatten alle Zahlungen einschlie\u00dflich der Standard-Lieferkosten sp\u00e4testens innerhalb von 14 Tagen nach Eingang der R\u00fccksendung. F\u00fcr die R\u00fcckzahlung verwenden wir dasselbe Zahlungsmittel wie die urspr\u00fcngliche Transaktion.<\/p>\n<p>Ausschluss bzw. vorzeitiges Erl\u00f6schen des Widerrufsrechts (Lebensmittel)<br \/>\nKein Widerrufsrecht besteht bei:<\/p>\n<p>leicht verderbliche Lebensmittel,<\/p>\n<p>Versiegelte Waren, die aus Gr\u00fcnden des Gesundheitsschutzes oder der Hygiene nicht zur R\u00fcckgabe geeignet sind, wenn ihre Versiegelung nach der Lieferung entfernt wurde,<\/p>\n<p>Waren, die nach Kundenspezifikation gemischt\/hergestellt wurden.<\/p>\n<p>Dies betrifft insbesondere unser Lebensmittelsortiment (z. B. Oliven\u00f6l, N\u00fcsse\/Kuruyemi\u015f, Lokum und \u00e4hnliche Produkte). Ge\u00f6ffnete, angebrochene oder in ihrer Hygiene beeintr\u00e4chtigte Produkte k\u00f6nnen nicht zur\u00fcckgenommen werden.<\/p>","protected":false},"excerpt":{"rendered":"<p>Cayma Hakk\u0131 T\u00fcketiciler, herhangi bir neden g\u00f6stermeksizin s\u00f6zle\u015fmeyi 14 g\u00fcn i\u00e7inde iptal etme hakk\u0131na sahiptir. Bu s\u00fcre, senin veya senin<\/p>","protected":false},"author":2,"featured_media":0,"parent":0,"menu_order":0,"comment_status":"closed","ping_status":"closed","template":"","meta":{"footnotes":""},"class_list":["post-11514","page","type-page","status-publish","hentry"],"_links":{"self":[{"href":"https:\/\/dermannshop.de\/de\/wp-json\/wp\/v2\/pages\/11514","targetHints":{"allow":["GET"]}}],"collection":[{"href":"https:\/\/dermannshop.de\/de\/wp-json\/wp\/v2\/pages"}],"about":[{"href":"https:\/\/dermannshop.de\/de\/wp-json\/wp\/v2\/types\/page"}],"author":[{"embeddable":true,"href":"https:\/\/dermannshop.de\/de\/wp-json\/wp\/v2\/users\/2"}],"replies":[{"embeddable":true,"href":"https:\/\/dermannshop.de\/de\/wp-json\/wp\/v2\/comments?post=11514"}],"version-history":[{"count":5,"href":"https:\/\/dermannshop.de\/de\/wp-json\/wp\/v2\/pages\/11514\/revisions"}],"predecessor-version":[{"id":12199,"href":"https:\/\/dermannshop.de\/de\/wp-json\/wp\/v2\/pages\/11514\/revisions\/12199"}],"wp:attachment":[{"href":"https:\/\/dermannshop.de\/de\/wp-json\/wp\/v2\/media?parent=11514"}],"curies":[{"name":"wp","href":"https:\/\/api.w.org\/{rel}","templated":true}]}}