{"id":11516,"date":"2025-11-01T04:38:26","date_gmt":"2025-11-01T04:38:26","guid":{"rendered":"https:\/\/dermannshop.de\/?page_id=11516"},"modified":"2025-11-30T00:33:22","modified_gmt":"2025-11-30T00:33:22","slug":"versand-lieferung-cargodelivery","status":"publish","type":"page","link":"https:\/\/dermannshop.de\/de\/versand-lieferung-cargodelivery\/","title":{"rendered":"Kargo&#038;Teslimat"},"content":{"rendered":"<p data-start=\"209\" data-end=\"294\"><strong data-start=\"209\" data-end=\"239\">Versanddienstleister:<\/strong> DHL<br data-start=\"243\" data-end=\"246\" \/><strong data-start=\"246\" data-end=\"269\">Liefergebiete:<\/strong> Deutschland und Europ\u00e4ische Union<\/p>\n<p data-start=\"296\" data-end=\"369\"><strong data-start=\"296\" data-end=\"316\">Versandkosten:<\/strong><br data-start=\"316\" data-end=\"319\" \/>\u2013 0\u20135 kg: <strong data-start=\"329\" data-end=\"339\">5,99 \u20ac<\/strong><br data-start=\"339\" data-end=\"342\" \/>\u2013 \u00dcber 5 kg: <strong data-start=\"356\" data-end=\"367\">10,00 \u20ac<\/strong><\/p>\n<p data-start=\"371\" data-end=\"484\"><strong data-start=\"371\" data-end=\"393\">Lieferzeiten:<\/strong><br data-start=\"393\" data-end=\"396\" \/>- Deutschland: <strong data-start=\"407\" data-end=\"422\">1-3 Werktage<\/strong><br data-start=\"422\" data-end=\"425\" \/>\u2013 EU-L\u00e4nder: <strong data-start=\"440\" data-end=\"455\">3-7 Werktage<\/strong> (je nach Lagerbestand)<\/p>\n<p data-start=\"486\" data-end=\"632\"><strong data-start=\"486\" data-end=\"507\">Transportsch\u00e4den:<\/strong><br data-start=\"507\" data-end=\"510\" \/>Nach der Lieferung <strong data-start=\"530\" data-end=\"548\">Innerhalb von 24 Stunden<\/strong> Bitte senden Sie uns die Fotos; wir werden dann den Schadensmeldungsprozess bei DHL einleiten.<\/p>\n<p data-start=\"634\" data-end=\"739\"><strong data-start=\"634\" data-end=\"659\">Lieferverz\u00f6gerungen:<\/strong><br data-start=\"659\" data-end=\"662\" \/>Wir werden Sie im Falle einer Verz\u00f6gerung umgehend per E-Mail informieren.<\/p>\n<hr data-start=\"741\" data-end=\"744\" \/>\n<h2 data-start=\"746\" data-end=\"776\"><strong data-start=\"749\" data-end=\"776\">Versandkosten nach Deutschland<\/strong><\/h2>\n<p data-start=\"777\" data-end=\"918\">Deutschland <strong data-start=\"789\" data-end=\"810\">Unter 95 \u20ac<\/strong> Versandkosten f\u00fcr Eink\u00e4ufe <strong data-start=\"839\" data-end=\"852\">5,99 \u20ac<\/strong>&#039;Stoppen.<br data-start=\"857\" data-end=\"860\" \/><strong data-start=\"860\" data-end=\"880\">95 Euro und mehr<\/strong> beim Einkaufen <strong data-start=\"896\" data-end=\"918\">Der Versand ist kostenlos.<\/strong><\/p>\n<hr data-start=\"920\" data-end=\"923\" \/>\n<h2 data-start=\"925\" data-end=\"984\"><strong data-start=\"928\" data-end=\"984\">Versandkosten nach Belgien, in die Niederlande, nach Frankreich und \u00d6sterreich.<\/strong><\/h2>\n<p data-start=\"985\" data-end=\"1132\">F\u00fcr diese L\u00e4nder <strong data-start=\"1001\" data-end=\"1023\">Unter 110 \u20ac<\/strong> Versandkosten f\u00fcr Eink\u00e4ufe <strong data-start=\"1052\" data-end=\"1065\">9,99 \u20ac<\/strong>&#039;Stoppen.<br data-start=\"1070\" data-end=\"1073\" \/><strong data-start=\"1073\" data-end=\"1094\">110 \u20ac und mehr<\/strong> beim Einkaufen <strong data-start=\"1110\" data-end=\"1132\">Der Versand ist kostenlos.<\/strong><\/p>\n<hr data-start=\"1134\" data-end=\"1137\" \/>\n<h2 data-start=\"1139\" data-end=\"1167\"><strong data-start=\"1142\" data-end=\"1167\">Andere europ\u00e4ische L\u00e4nder<\/strong><\/h2>\n<p data-start=\"1168\" data-end=\"1210\">Die Versandkosten sind fix. <strong data-start=\"1194\" data-end=\"1205\">15 \u20ac<\/strong>&#039;Stoppen.<\/p>\n<p data-start=\"1168\" data-end=\"1210\">\n<p>Versand &amp; Lieferung<\/p>\n<p>Versanddienstleister: DHL<br \/>\nVersandgebiet: Deutschland &amp; EU<br \/>\nVersandkosten:<br \/>\n\u2013 0\u20135 kg: 5,99 \u20ac<br \/>\n\u2013 \u00dcber 5 kg: 10,00 \u20ac<br \/>\nLieferzeiten: Deutschland 1\u20133 Werktage, EU 3\u20137 Werktage (abh\u00e4ngig vom Bestand).<br \/>\nTransportsch\u00e4den: Bitte innerhalb von 24 Stunden nach Zustellung mit Foto melden; Wenn Sie mehr \u00fcber DHL erfahren m\u00f6chten.<br \/>\nLieferverz\u00f6gerungen: \u00dcber Verz\u00f6gerungen informieren wir Sie umgehend per E-Mail<\/p>","protected":false},"excerpt":{"rendered":"<p>Kargo Hizmeti Sa\u011flay\u0131c\u0131s\u0131: DHLTeslimat B\u00f6lgeleri: Almanya &amp; Avrupa Birli\u011fi Kargo \u00dccretleri:\u2013 0\u20135 kg: 5,99 \u20ac\u2013 5 kg \u00fczeri: 10,00 \u20ac<\/p>","protected":false},"author":2,"featured_media":0,"parent":0,"menu_order":0,"comment_status":"closed","ping_status":"closed","template":"","meta":{"footnotes":""},"class_list":["post-11516","page","type-page","status-publish","hentry"],"_links":{"self":[{"href":"https:\/\/dermannshop.de\/de\/wp-json\/wp\/v2\/pages\/11516","targetHints":{"allow":["GET"]}}],"collection":[{"href":"https:\/\/dermannshop.de\/de\/wp-json\/wp\/v2\/pages"}],"about":[{"href":"https:\/\/dermannshop.de\/de\/wp-json\/wp\/v2\/types\/page"}],"author":[{"embeddable":true,"href":"https:\/\/dermannshop.de\/de\/wp-json\/wp\/v2\/users\/2"}],"replies":[{"embeddable":true,"href":"https:\/\/dermannshop.de\/de\/wp-json\/wp\/v2\/comments?post=11516"}],"version-history":[{"count":11,"href":"https:\/\/dermannshop.de\/de\/wp-json\/wp\/v2\/pages\/11516\/revisions"}],"predecessor-version":[{"id":12198,"href":"https:\/\/dermannshop.de\/de\/wp-json\/wp\/v2\/pages\/11516\/revisions\/12198"}],"wp:attachment":[{"href":"https:\/\/dermannshop.de\/de\/wp-json\/wp\/v2\/media?parent=11516"}],"curies":[{"name":"wp","href":"https:\/\/api.w.org\/{rel}","templated":true}]}}