{"id":11518,"date":"2025-11-01T04:39:09","date_gmt":"2025-11-01T04:39:09","guid":{"rendered":"https:\/\/dermannshop.de\/?page_id=11518"},"modified":"2025-11-30T00:32:24","modified_gmt":"2025-11-30T00:32:24","slug":"zahlungsarten-zahlungsmethoden","status":"publish","type":"page","link":"https:\/\/dermannshop.de\/de\/zahlungsarten-zahlungsmethoden\/","title":{"rendered":"\u00d6deme Y\u00f6ntemleri"},"content":{"rendered":"<p data-start=\"188\" data-end=\"327\">Wir akzeptieren folgende Zahlungsmethoden:<br data-start=\"232\" data-end=\"235\" \/>\u2013 <strong data-start=\"237\" data-end=\"247\">PayPal<\/strong><\/p>\n<p data-start=\"188\" data-end=\"327\">\u2013 <strong data-start=\"237\" data-end=\"247\">Kreditkarte<\/strong><br data-start=\"247\" data-end=\"250\" \/>\u2013 <strong data-start=\"252\" data-end=\"270\">Bankkarte<\/strong> (Vorauszahlung; Bankverbindung wird w\u00e4hrend des Bestellvorgangs angezeigt)<\/p>\n<p data-start=\"329\" data-end=\"415\">Alle Zahlungen <strong data-start=\"342\" data-end=\"380\">eine verschl\u00fcsselte Verbindung (TLS\/SSL)<\/strong> Die Verarbeitung erfolgt sicher \u00fcber dieses System.<\/p>\n<p data-start=\"329\" data-end=\"415\">\n<p>Zahlungsbedingungen<\/p>\n<p>Wir akzeptieren folgende Zahlungsmethoden:<br \/>\n\u2013 PayPal<br \/>\n\u2013 Bank\u00fcberweisung (Vorkasse; Kontodaten werden im Bestellprozess angezeigt)<\/p>\n<p>Die Zahlungen werden \u00fcber eine verschl\u00fcsselte Verbindung (TLS\/SSL) abgewickelt<\/p>","protected":false},"excerpt":{"rendered":"<p>A\u015fa\u011f\u0131daki \u00f6deme y\u00f6ntemlerini kabul ediyoruz:\u2013 PayPal \u2013 Kred\u0131 Kart\u0131\u2013 Banka Kart\u0131 (\u00f6n \u00f6deme; banka bilgileri sipari\u015f s\u00fcrecinde g\u00f6sterilir) T\u00fcm \u00f6demeler<\/p>","protected":false},"author":2,"featured_media":0,"parent":0,"menu_order":0,"comment_status":"closed","ping_status":"closed","template":"","meta":{"footnotes":""},"class_list":["post-11518","page","type-page","status-publish","hentry"],"_links":{"self":[{"href":"https:\/\/dermannshop.de\/de\/wp-json\/wp\/v2\/pages\/11518","targetHints":{"allow":["GET"]}}],"collection":[{"href":"https:\/\/dermannshop.de\/de\/wp-json\/wp\/v2\/pages"}],"about":[{"href":"https:\/\/dermannshop.de\/de\/wp-json\/wp\/v2\/types\/page"}],"author":[{"embeddable":true,"href":"https:\/\/dermannshop.de\/de\/wp-json\/wp\/v2\/users\/2"}],"replies":[{"embeddable":true,"href":"https:\/\/dermannshop.de\/de\/wp-json\/wp\/v2\/comments?post=11518"}],"version-history":[{"count":5,"href":"https:\/\/dermannshop.de\/de\/wp-json\/wp\/v2\/pages\/11518\/revisions"}],"predecessor-version":[{"id":12197,"href":"https:\/\/dermannshop.de\/de\/wp-json\/wp\/v2\/pages\/11518\/revisions\/12197"}],"wp:attachment":[{"href":"https:\/\/dermannshop.de\/de\/wp-json\/wp\/v2\/media?parent=11518"}],"curies":[{"name":"wp","href":"https:\/\/api.w.org\/{rel}","templated":true}]}}