{"id":11522,"date":"2025-11-01T04:37:08","date_gmt":"2025-11-01T04:37:08","guid":{"rendered":"https:\/\/dermannshop.de\/?page_id=11522"},"modified":"2025-11-30T00:31:35","modified_gmt":"2025-11-30T00:31:35","slug":"cookie-richtlinie-cookie-richtlinie","status":"publish","type":"page","link":"https:\/\/dermannshop.de\/de\/cookie-richtlinie-cookie-richtlinie\/","title":{"rendered":"\u00c7erez Politikas\u0131"},"content":{"rendered":"<p>Wir verwenden essentielle Cookies, die f\u00fcr die Funktionsf\u00e4higkeit des Shops notwendig sind (z. B. Warenkorb, Zahlungsabwicklung).<br data-start=\"270\" data-end=\"273\" \/>Statistik- und Marketing-Cookies verwenden wir nur, nachdem Sie \u00fcber das Cookie-Banner Ihre Einwilligung erteilt haben.<br data-start=\"384\" data-end=\"387\" \/>Sie k\u00f6nnen diese Kategorien \u00fcber das Banner aktivieren\/deaktivieren und Ihre Einwilligung jederzeit mit Wirkung f\u00fcr die Zukunft widerrufen.<br data-start=\"544\" data-end=\"547\" \/>Einzelheiten (Anbieter, Zweck, Aufbewahrungsfrist) sind im Banner oder in der Datenschutzerkl\u00e4rung angegeben.<\/p>\n<p>&nbsp;<\/p>\n<p>Wir verwenden wesentliche Cookies, die f\u00fcr den Betrieb des Shops notwendig sind (z. B. Warenkorb, Checkout). Statistik- und Marketing-Cookies lassen sich einfacher setzen als Cookie-Banner. Dort kannst du Kat\u0131l\u0131men ein-\/ausschalten und deine Einwilligung jederzeit mit Wirkung f\u00fcr die Zukunft widerrufen. Angaben (Anbieter, Zweck, Speicherdauer) im Banner bzw. in der Datenschutzerkl\u00e4rung aufgef\u00fchrt.<\/p>","protected":false},"excerpt":{"rendered":"<p>Ma\u011fazan\u0131n \u00e7al\u0131\u015fmas\u0131 i\u00e7in gerekli olan temel \u00e7erezleri kullan\u0131yoruz (\u00f6rne\u011fin al\u0131\u015fveri\u015f sepeti, \u00f6deme i\u015flemi).\u0130statistik ve pazarlama \u00e7erezlerini ise yaln\u0131zca \u00e7erez banner\u0131<\/p>","protected":false},"author":2,"featured_media":0,"parent":0,"menu_order":0,"comment_status":"closed","ping_status":"closed","template":"","meta":{"footnotes":""},"class_list":["post-11522","page","type-page","status-publish","hentry"],"_links":{"self":[{"href":"https:\/\/dermannshop.de\/de\/wp-json\/wp\/v2\/pages\/11522","targetHints":{"allow":["GET"]}}],"collection":[{"href":"https:\/\/dermannshop.de\/de\/wp-json\/wp\/v2\/pages"}],"about":[{"href":"https:\/\/dermannshop.de\/de\/wp-json\/wp\/v2\/types\/page"}],"author":[{"embeddable":true,"href":"https:\/\/dermannshop.de\/de\/wp-json\/wp\/v2\/users\/2"}],"replies":[{"embeddable":true,"href":"https:\/\/dermannshop.de\/de\/wp-json\/wp\/v2\/comments?post=11522"}],"version-history":[{"count":4,"href":"https:\/\/dermannshop.de\/de\/wp-json\/wp\/v2\/pages\/11522\/revisions"}],"predecessor-version":[{"id":12196,"href":"https:\/\/dermannshop.de\/de\/wp-json\/wp\/v2\/pages\/11522\/revisions\/12196"}],"wp:attachment":[{"href":"https:\/\/dermannshop.de\/de\/wp-json\/wp\/v2\/media?parent=11522"}],"curies":[{"name":"wp","href":"https:\/\/api.w.org\/{rel}","templated":true}]}}