{"id":10840,"date":"2025-09-26T07:44:34","date_gmt":"2025-09-26T07:44:34","guid":{"rendered":"https:\/\/dermannshop.de\/?post_type=product&#038;p=10840"},"modified":"2026-03-12T20:36:47","modified_gmt":"2026-03-12T20:36:47","slug":"getrocknete-zucchini-zum-fullen-aus-gaziantep-45-50-stuck","status":"publish","type":"product","link":"https:\/\/dermannshop.de\/de\/produkt\/getrocknete-zucchini-zum-fullen-aus-gaziantep-45-50-stuck\/","title":{"rendered":"Getrocknete Zucchini zum F\u00fcllen (45-50 St\u00fcck)"},"content":{"rendered":"<h2>Getrocknete Zucchini zum F\u00fcllen (45-50 St\u00fcck)<\/h2>\n<p>Getrocknete Zucchini zum F\u00fcllen (45\u201350 St\u00fcck) sind ein praktisches Produkt f\u00fcr den t\u00e4glichen Gebrauch und aufgrund ihres Geschmacks sehr beliebt. Sie eignen sich hervorragend zum Kochen, Servieren und f\u00fcr Rezepte.<\/p>\n<h3>Hauptmerkmale<\/h3>\n<ul>\n<li>Praktischer Verbrauch und Service<\/li>\n<li>F\u00fcr den t\u00e4glichen Gebrauch konzipiert.<\/li>\n<li>Verpackung mit Fokus auf Frische.<\/li>\n<\/ul>\n<h3>Nutzungsempfehlung<\/h3>\n<p>Je nach Produktart kann man es zum Fr\u00fchst\u00fcck, als Snack oder in Rezepten verwenden.<\/p>\n<h3>Lagerungsempfehlung<\/h3>\n<p>Es wird empfohlen, das Produkt an einem k\u00fchlen, trockenen Ort ohne Sonnenlicht und in verschlossener Verpackung aufzubewahren.<\/p>","protected":false},"excerpt":{"rendered":"<p><strong>Getrocknete Zucchini zum F\u00fcllen (45-50 St\u00fcck)<\/strong>Dieses leckere und praktische Produkt wird frisch verpackt f\u00fcr den t\u00e4glichen Gebrauch angeboten. Sie k\u00f6nnen es bedenkenlos f\u00fcr Mahlzeiten und Snacks verwenden.<\/p>","protected":false},"featured_media":10841,"comment_status":"open","ping_status":"closed","template":"","meta":[],"product_brand":[],"product_cat":[131],"product_tag":[],"class_list":{"0":"post-10840","1":"product","2":"type-product","3":"status-publish","4":"has-post-thumbnail","6":"product_cat-yoresel-urunler","8":"first","9":"outofstock","10":"shipping-taxable","11":"purchasable","12":"product-type-simple"},"_links":{"self":[{"href":"https:\/\/dermannshop.de\/de\/wp-json\/wp\/v2\/product\/10840","targetHints":{"allow":["GET"]}}],"collection":[{"href":"https:\/\/dermannshop.de\/de\/wp-json\/wp\/v2\/product"}],"about":[{"href":"https:\/\/dermannshop.de\/de\/wp-json\/wp\/v2\/types\/product"}],"replies":[{"embeddable":true,"href":"https:\/\/dermannshop.de\/de\/wp-json\/wp\/v2\/comments?post=10840"}],"version-history":[{"count":8,"href":"https:\/\/dermannshop.de\/de\/wp-json\/wp\/v2\/product\/10840\/revisions"}],"predecessor-version":[{"id":13257,"href":"https:\/\/dermannshop.de\/de\/wp-json\/wp\/v2\/product\/10840\/revisions\/13257"}],"wp:featuredmedia":[{"embeddable":true,"href":"https:\/\/dermannshop.de\/de\/wp-json\/wp\/v2\/media\/10841"}],"wp:attachment":[{"href":"https:\/\/dermannshop.de\/de\/wp-json\/wp\/v2\/media?parent=10840"}],"wp:term":[{"taxonomy":"product_brand","embeddable":true,"href":"https:\/\/dermannshop.de\/de\/wp-json\/wp\/v2\/product_brand?post=10840"},{"taxonomy":"product_cat","embeddable":true,"href":"https:\/\/dermannshop.de\/de\/wp-json\/wp\/v2\/product_cat?post=10840"},{"taxonomy":"product_tag","embeddable":true,"href":"https:\/\/dermannshop.de\/de\/wp-json\/wp\/v2\/product_tag?post=10840"}],"curies":[{"name":"wp","href":"https:\/\/api.w.org\/{rel}","templated":true}]}}