{"id":10923,"date":"2025-09-26T08:21:59","date_gmt":"2025-09-26T08:21:59","guid":{"rendered":"https:\/\/dermannshop.de\/?post_type=product&#038;p=10923"},"modified":"2026-04-21T21:35:31","modified_gmt":"2026-04-21T21:35:31","slug":"rohe-haselnusse-800-g","status":"publish","type":"product","link":"https:\/\/dermannshop.de\/de\/produkt\/rohe-haselnusse-800-g\/","title":{"rendered":"Rohe Haseln\u00fcsse 1 kg"},"content":{"rendered":"<h2>Rohe Haseln\u00fcsse 1 kg<\/h2>\n<p>Rohe Haseln\u00fcsse (1 kg) sind ein Produkt, das sich durch seine praktische Anwendung im t\u00e4glichen Verzehr und seinen guten Geschmack auszeichnet. Sie eignen sich hervorragend f\u00fcr den t\u00e4glichen Gebrauch, zum Servieren und f\u00fcr Rezepte.<\/p>\n<h3>Hauptmerkmale<\/h3>\n<ul>\n<li>Praktischer Verbrauch und Service<\/li>\n<li>F\u00fcr den t\u00e4glichen Gebrauch konzipiert.<\/li>\n<li>Verpackung mit Fokus auf Frische.<\/li>\n<\/ul>\n<h3>Nutzungsempfehlung<\/h3>\n<p>Je nach Produktart kann man es zum Fr\u00fchst\u00fcck, als Snack oder in Rezepten verwenden.<\/p>\n<h3>Lagerungsempfehlung<\/h3>\n<p>Es wird empfohlen, das Produkt an einem k\u00fchlen, trockenen Ort ohne Sonnenlicht und in verschlossener Verpackung aufzubewahren.<\/p>","protected":false},"excerpt":{"rendered":"<p><strong>Rohe Haseln\u00fcsse 1 kg<\/strong>Dieses leckere und praktische Produkt wird frisch verpackt f\u00fcr den t\u00e4glichen Gebrauch angeboten. Sie k\u00f6nnen es bedenkenlos f\u00fcr Mahlzeiten und Snacks verwenden.<\/p>","protected":false},"featured_media":11377,"comment_status":"open","ping_status":"closed","template":"","meta":[],"product_brand":[],"product_cat":[124],"product_tag":[],"class_list":{"0":"post-10923","1":"product","2":"type-product","3":"status-publish","4":"has-post-thumbnail","6":"product_cat-kuruyemis-cesitleri","8":"first","9":"outofstock","10":"shipping-taxable","11":"purchasable","12":"product-type-simple"},"_links":{"self":[{"href":"https:\/\/dermannshop.de\/de\/wp-json\/wp\/v2\/product\/10923","targetHints":{"allow":["GET"]}}],"collection":[{"href":"https:\/\/dermannshop.de\/de\/wp-json\/wp\/v2\/product"}],"about":[{"href":"https:\/\/dermannshop.de\/de\/wp-json\/wp\/v2\/types\/product"}],"replies":[{"embeddable":true,"href":"https:\/\/dermannshop.de\/de\/wp-json\/wp\/v2\/comments?post=10923"}],"version-history":[{"count":7,"href":"https:\/\/dermannshop.de\/de\/wp-json\/wp\/v2\/product\/10923\/revisions"}],"predecessor-version":[{"id":13370,"href":"https:\/\/dermannshop.de\/de\/wp-json\/wp\/v2\/product\/10923\/revisions\/13370"}],"wp:featuredmedia":[{"embeddable":true,"href":"https:\/\/dermannshop.de\/de\/wp-json\/wp\/v2\/media\/11377"}],"wp:attachment":[{"href":"https:\/\/dermannshop.de\/de\/wp-json\/wp\/v2\/media?parent=10923"}],"wp:term":[{"taxonomy":"product_brand","embeddable":true,"href":"https:\/\/dermannshop.de\/de\/wp-json\/wp\/v2\/product_brand?post=10923"},{"taxonomy":"product_cat","embeddable":true,"href":"https:\/\/dermannshop.de\/de\/wp-json\/wp\/v2\/product_cat?post=10923"},{"taxonomy":"product_tag","embeddable":true,"href":"https:\/\/dermannshop.de\/de\/wp-json\/wp\/v2\/product_tag?post=10923"}],"curies":[{"name":"wp","href":"https:\/\/api.w.org\/{rel}","templated":true}]}}