{"id":10984,"date":"2025-09-26T08:53:33","date_gmt":"2025-09-26T08:53:33","guid":{"rendered":"https:\/\/dermannshop.de\/?post_type=product&#038;p=10984"},"modified":"2026-03-13T17:19:42","modified_gmt":"2026-03-13T17:19:42","slug":"800-g-gelbe-rosinen","status":"publish","type":"product","link":"https:\/\/dermannshop.de\/de\/produkt\/800-g-gelbe-rosinen\/","title":{"rendered":"Jumbo-kernlose gelbe Trauben 800 g"},"content":{"rendered":"<h2>Jumbo-kernlose gelbe Trauben 800 g<\/h2>\n<p>Jumbo-kernlose gelbe Trauben (800 g) mit ihrer knackigen Textur und ihrem ausgewogenen Geschmack sind eine hervorragende Erg\u00e4nzung f\u00fcr Ihren t\u00e4glichen Snack. Sie bieten praktische Vorteile beim Genuss zu Hause, im B\u00fcro oder beim Bewirten von G\u00e4sten.<\/p>\n<h3>Hauptmerkmale<\/h3>\n<ul>\n<li>Geschmacksprofil, geeignet f\u00fcr den t\u00e4glichen Verzehr.<\/li>\n<li>Verwendung von Snacks und S\u00fc\u00dfigkeiten<\/li>\n<li>Verpackung mit Fokus auf Frische.<\/li>\n<\/ul>\n<h3>Verzehrsempfehlung<\/h3>\n<p>Man kann es pur genie\u00dfen; man kann es aber auch zu einem besseren Geschmackserlebnis kombinieren, zum Beispiel mit Trockenfr\u00fcchten, K\u00e4se und hei\u00dfen Getr\u00e4nken.<\/p>\n<h3>Lagerungsempfehlung<\/h3>\n<p>Es wird empfohlen, das Produkt an einem k\u00fchlen, trockenen Ort ohne Sonnenlicht und in verschlossener Verpackung aufzubewahren.<\/p>","protected":false},"excerpt":{"rendered":"<p><strong>Jumbo-kernlose gelbe Trauben 800 g<\/strong>Es bietet einen knusprigen und ausgewogenen Geschmack f\u00fcr den t\u00e4glichen Snackbedarf. Ob zu Hause, im B\u00fcro oder beim Bewirten von G\u00e4sten \u2013 es ist immer eine gute Wahl.<\/p>","protected":false},"featured_media":11374,"comment_status":"open","ping_status":"closed","template":"","meta":[],"product_brand":[],"product_cat":[130],"product_tag":[],"class_list":{"0":"post-10984","1":"product","2":"type-product","3":"status-publish","4":"has-post-thumbnail","6":"product_cat-kurutulmus-meyveler","8":"first","9":"instock","10":"shipping-taxable","11":"purchasable","12":"product-type-simple"},"_links":{"self":[{"href":"https:\/\/dermannshop.de\/de\/wp-json\/wp\/v2\/product\/10984","targetHints":{"allow":["GET"]}}],"collection":[{"href":"https:\/\/dermannshop.de\/de\/wp-json\/wp\/v2\/product"}],"about":[{"href":"https:\/\/dermannshop.de\/de\/wp-json\/wp\/v2\/types\/product"}],"replies":[{"embeddable":true,"href":"https:\/\/dermannshop.de\/de\/wp-json\/wp\/v2\/comments?post=10984"}],"version-history":[{"count":5,"href":"https:\/\/dermannshop.de\/de\/wp-json\/wp\/v2\/product\/10984\/revisions"}],"predecessor-version":[{"id":13215,"href":"https:\/\/dermannshop.de\/de\/wp-json\/wp\/v2\/product\/10984\/revisions\/13215"}],"wp:featuredmedia":[{"embeddable":true,"href":"https:\/\/dermannshop.de\/de\/wp-json\/wp\/v2\/media\/11374"}],"wp:attachment":[{"href":"https:\/\/dermannshop.de\/de\/wp-json\/wp\/v2\/media?parent=10984"}],"wp:term":[{"taxonomy":"product_brand","embeddable":true,"href":"https:\/\/dermannshop.de\/de\/wp-json\/wp\/v2\/product_brand?post=10984"},{"taxonomy":"product_cat","embeddable":true,"href":"https:\/\/dermannshop.de\/de\/wp-json\/wp\/v2\/product_cat?post=10984"},{"taxonomy":"product_tag","embeddable":true,"href":"https:\/\/dermannshop.de\/de\/wp-json\/wp\/v2\/product_tag?post=10984"}],"curies":[{"name":"wp","href":"https:\/\/api.w.org\/{rel}","templated":true}]}}