{"id":10987,"date":"2025-09-26T08:54:34","date_gmt":"2025-09-26T08:54:34","guid":{"rendered":"https:\/\/dermannshop.de\/?post_type=product&#038;p=10987"},"modified":"2026-04-13T21:16:31","modified_gmt":"2026-04-13T21:16:31","slug":"hatay-halhali-zerkleinerte-oliven-900-g","status":"publish","type":"product","link":"https:\/\/dermannshop.de\/de\/produkt\/hatay-halhali-zerkleinerte-oliven-900-g\/","title":{"rendered":"Gehackte gr\u00fcne Oliven 720 g"},"content":{"rendered":"<h2>Gehackte gr\u00fcne Oliven 720 g<\/h2>\n<p>Gehackte gr\u00fcne Oliven (720 g) sind ein praktisches Produkt f\u00fcr den t\u00e4glichen Verzehr und aufgrund ihres Geschmacks sehr beliebt. Sie eignen sich hervorragend f\u00fcr den Hausgebrauch, zum Servieren und f\u00fcr Rezepte.<\/p>\n<h3>Hauptmerkmale<\/h3>\n<ul>\n<li>Praktischer Verbrauch und Service<\/li>\n<li>F\u00fcr den t\u00e4glichen Gebrauch konzipiert.<\/li>\n<li>Verpackung mit Fokus auf Frische.<\/li>\n<\/ul>\n<h3>Nutzungsempfehlung<\/h3>\n<p>Je nach Produktart kann man es zum Fr\u00fchst\u00fcck, als Snack oder in Rezepten verwenden.<\/p>\n<h3>Lagerungsempfehlung<\/h3>\n<p>Es wird empfohlen, das Produkt an einem k\u00fchlen, trockenen Ort ohne Sonnenlicht und in verschlossener Verpackung aufzubewahren.<\/p>","protected":false},"excerpt":{"rendered":"<p><strong>Gehackte gr\u00fcne Oliven 720 g<\/strong>Dieses leckere und praktische Produkt wird frisch verpackt f\u00fcr den t\u00e4glichen Gebrauch angeboten. Sie k\u00f6nnen es bedenkenlos f\u00fcr Mahlzeiten und Snacks verwenden.<\/p>","protected":false},"featured_media":12031,"comment_status":"open","ping_status":"closed","template":"","meta":[],"product_brand":[],"product_cat":[127],"product_tag":[],"class_list":{"0":"post-10987","1":"product","2":"type-product","3":"status-publish","4":"has-post-thumbnail","6":"product_cat-zeytinyagi-zeytin","8":"first","9":"instock","10":"sale","11":"shipping-taxable","12":"purchasable","13":"product-type-simple"},"_links":{"self":[{"href":"https:\/\/dermannshop.de\/de\/wp-json\/wp\/v2\/product\/10987","targetHints":{"allow":["GET"]}}],"collection":[{"href":"https:\/\/dermannshop.de\/de\/wp-json\/wp\/v2\/product"}],"about":[{"href":"https:\/\/dermannshop.de\/de\/wp-json\/wp\/v2\/types\/product"}],"replies":[{"embeddable":true,"href":"https:\/\/dermannshop.de\/de\/wp-json\/wp\/v2\/comments?post=10987"}],"version-history":[{"count":8,"href":"https:\/\/dermannshop.de\/de\/wp-json\/wp\/v2\/product\/10987\/revisions"}],"predecessor-version":[{"id":13357,"href":"https:\/\/dermannshop.de\/de\/wp-json\/wp\/v2\/product\/10987\/revisions\/13357"}],"wp:featuredmedia":[{"embeddable":true,"href":"https:\/\/dermannshop.de\/de\/wp-json\/wp\/v2\/media\/12031"}],"wp:attachment":[{"href":"https:\/\/dermannshop.de\/de\/wp-json\/wp\/v2\/media?parent=10987"}],"wp:term":[{"taxonomy":"product_brand","embeddable":true,"href":"https:\/\/dermannshop.de\/de\/wp-json\/wp\/v2\/product_brand?post=10987"},{"taxonomy":"product_cat","embeddable":true,"href":"https:\/\/dermannshop.de\/de\/wp-json\/wp\/v2\/product_cat?post=10987"},{"taxonomy":"product_tag","embeddable":true,"href":"https:\/\/dermannshop.de\/de\/wp-json\/wp\/v2\/product_tag?post=10987"}],"curies":[{"name":"wp","href":"https:\/\/api.w.org\/{rel}","templated":true}]}}