{"id":10994,"date":"2025-09-26T08:56:45","date_gmt":"2025-09-26T08:56:45","guid":{"rendered":"https:\/\/dermannshop.de\/?post_type=product&#038;p=10994"},"modified":"2026-04-21T21:35:41","modified_gmt":"2026-04-21T21:35:41","slug":"gerosteter-mais-600-g","status":"publish","type":"product","link":"https:\/\/dermannshop.de\/de\/produkt\/gerosteter-mais-600-g\/","title":{"rendered":"600 g ger\u00f6stete mais"},"content":{"rendered":"<h2>600 g ger\u00f6stete mais<\/h2>\n<p>Ger\u00f6steter Mais (600 g) ist eine praktische und zuverl\u00e4ssige Produktoption f\u00fcr den t\u00e4glichen Gebrauch. Er vereint Geschmack, einfache Handhabung und frische Verpackung.<\/p>\n<h3>Hauptmerkmale<\/h3>\n<ul>\n<li>Praktische Anwendung<\/li>\n<li>Geeignet f\u00fcr den t\u00e4glichen Verzehr.<\/li>\n<li>Versand mit Fokus auf Frische.<\/li>\n<\/ul>\n<h3>Nutzungsempfehlung<\/h3>\n<p>Je nach Produktart kann man es zum Fr\u00fchst\u00fcck, als Snack oder in Rezepten verwenden.<\/p>","protected":false},"excerpt":{"rendered":"<p><strong>600 g ger\u00f6stete mais<\/strong>Es ist eine praktische und zuverl\u00e4ssige Produktoption f\u00fcr den t\u00e4glichen Gebrauch. Dank der frischen Verpackung und des schnellen Versands erreicht es Sie schnell.<\/p>","protected":false},"featured_media":10995,"comment_status":"open","ping_status":"closed","template":"","meta":[],"product_brand":[],"product_cat":[124],"product_tag":[],"class_list":{"0":"post-10994","1":"product","2":"type-product","3":"status-publish","4":"has-post-thumbnail","6":"product_cat-kuruyemis-cesitleri","8":"first","9":"outofstock","10":"shipping-taxable","11":"purchasable","12":"product-type-simple"},"_links":{"self":[{"href":"https:\/\/dermannshop.de\/de\/wp-json\/wp\/v2\/product\/10994","targetHints":{"allow":["GET"]}}],"collection":[{"href":"https:\/\/dermannshop.de\/de\/wp-json\/wp\/v2\/product"}],"about":[{"href":"https:\/\/dermannshop.de\/de\/wp-json\/wp\/v2\/types\/product"}],"replies":[{"embeddable":true,"href":"https:\/\/dermannshop.de\/de\/wp-json\/wp\/v2\/comments?post=10994"}],"version-history":[{"count":4,"href":"https:\/\/dermannshop.de\/de\/wp-json\/wp\/v2\/product\/10994\/revisions"}],"predecessor-version":[{"id":13371,"href":"https:\/\/dermannshop.de\/de\/wp-json\/wp\/v2\/product\/10994\/revisions\/13371"}],"wp:featuredmedia":[{"embeddable":true,"href":"https:\/\/dermannshop.de\/de\/wp-json\/wp\/v2\/media\/10995"}],"wp:attachment":[{"href":"https:\/\/dermannshop.de\/de\/wp-json\/wp\/v2\/media?parent=10994"}],"wp:term":[{"taxonomy":"product_brand","embeddable":true,"href":"https:\/\/dermannshop.de\/de\/wp-json\/wp\/v2\/product_brand?post=10994"},{"taxonomy":"product_cat","embeddable":true,"href":"https:\/\/dermannshop.de\/de\/wp-json\/wp\/v2\/product_cat?post=10994"},{"taxonomy":"product_tag","embeddable":true,"href":"https:\/\/dermannshop.de\/de\/wp-json\/wp\/v2\/product_tag?post=10994"}],"curies":[{"name":"wp","href":"https:\/\/api.w.org\/{rel}","templated":true}]}}