{"id":10997,"date":"2025-09-26T08:57:27","date_gmt":"2025-09-26T08:57:27","guid":{"rendered":"https:\/\/dermannshop.de\/?post_type=product&#038;p=10997"},"modified":"2026-04-21T21:31:14","modified_gmt":"2026-04-21T21:31:14","slug":"800-g-pistazien","status":"publish","type":"product","link":"https:\/\/dermannshop.de\/de\/produkt\/800-g-pistazien\/","title":{"rendered":"Pistazien 800g"},"content":{"rendered":"<h2>Pistazien 800g<\/h2>\n<p>Pistazien z\u00e4hlen mit ihrem intensiven Aroma und charakteristischen Geschmack zu den wertvollsten N\u00fcssen. Sie eignen sich hervorragend als ausgewogener Snack f\u00fcr den t\u00e4glichen Genuss und zum Backen.<\/p>\n<h3>Warum wird es bevorzugt?<\/h3>\n<ul>\n<li>Unverwechselbares Aroma und reichhaltige Textur.<\/li>\n<li>800g Vorteilspackung<\/li>\n<li>Geeignet zum Snacken und f\u00fcr die Verwendung in Rezepten.<\/li>\n<\/ul>\n<h3>Nutzungsempfehlung<\/h3>\n<p>Es erzielt hervorragende Ergebnisse, wenn es auf Baklava, Desserts auf Milchbasis, Keksen und Eiscreme serviert wird.<\/p>","protected":false},"excerpt":{"rendered":"<p><strong>Pistazien 800g<\/strong>Mit ihrem intensiven Aroma und den prallen Kernen bietet sie ein erstklassiges Nusserlebnis. Sie sorgt sowohl beim Knabbern als auch in Dessertrezepten f\u00fcr ein hervorragendes Geschmackserlebnis.<\/p>","protected":false},"featured_media":10998,"comment_status":"open","ping_status":"closed","template":"","meta":[],"product_brand":[],"product_cat":[124],"product_tag":[],"class_list":{"0":"post-10997","1":"product","2":"type-product","3":"status-publish","4":"has-post-thumbnail","6":"product_cat-kuruyemis-cesitleri","8":"first","9":"outofstock","10":"shipping-taxable","11":"purchasable","12":"product-type-simple"},"_links":{"self":[{"href":"https:\/\/dermannshop.de\/de\/wp-json\/wp\/v2\/product\/10997","targetHints":{"allow":["GET"]}}],"collection":[{"href":"https:\/\/dermannshop.de\/de\/wp-json\/wp\/v2\/product"}],"about":[{"href":"https:\/\/dermannshop.de\/de\/wp-json\/wp\/v2\/types\/product"}],"replies":[{"embeddable":true,"href":"https:\/\/dermannshop.de\/de\/wp-json\/wp\/v2\/comments?post=10997"}],"version-history":[{"count":8,"href":"https:\/\/dermannshop.de\/de\/wp-json\/wp\/v2\/product\/10997\/revisions"}],"predecessor-version":[{"id":13365,"href":"https:\/\/dermannshop.de\/de\/wp-json\/wp\/v2\/product\/10997\/revisions\/13365"}],"wp:featuredmedia":[{"embeddable":true,"href":"https:\/\/dermannshop.de\/de\/wp-json\/wp\/v2\/media\/10998"}],"wp:attachment":[{"href":"https:\/\/dermannshop.de\/de\/wp-json\/wp\/v2\/media?parent=10997"}],"wp:term":[{"taxonomy":"product_brand","embeddable":true,"href":"https:\/\/dermannshop.de\/de\/wp-json\/wp\/v2\/product_brand?post=10997"},{"taxonomy":"product_cat","embeddable":true,"href":"https:\/\/dermannshop.de\/de\/wp-json\/wp\/v2\/product_cat?post=10997"},{"taxonomy":"product_tag","embeddable":true,"href":"https:\/\/dermannshop.de\/de\/wp-json\/wp\/v2\/product_tag?post=10997"}],"curies":[{"name":"wp","href":"https:\/\/api.w.org\/{rel}","templated":true}]}}