{"id":11091,"date":"2025-10-16T16:14:25","date_gmt":"2025-10-16T16:14:25","guid":{"rendered":"https:\/\/dermannshop.de\/?post_type=product&#038;p=11091"},"modified":"2026-03-12T20:17:38","modified_gmt":"2026-03-12T20:17:38","slug":"paprika-nach-antep-art-scharf-45-50-stuck","status":"publish","type":"product","link":"https:\/\/dermannshop.de\/de\/produkt\/paprika-nach-antep-art-scharf-45-50-stuck\/","title":{"rendered":"Getrocknete scharfe Paprika (45-50 St\u00fcck)"},"content":{"rendered":"<h2>Getrocknete scharfe Paprika (45-50 St\u00fcck)<\/h2>\n<p>Getrocknete, scharfe Paprika (45\u201350 St\u00fcck) sind eine praktische Alternative zu Trockenfr\u00fcchten f\u00fcr alle, die ihren t\u00e4glichen S\u00fc\u00dfhunger auf eine ausgewogenere Weise stillen m\u00f6chten. Sie eignen sich als Snack oder lassen sich leicht in Fr\u00fchst\u00fccks- und Zwischenmahlzeiten integrieren.<\/p>\n<h3>Hauptmerkmale<\/h3>\n<ul>\n<li>Praktische Verwendung von Snacks<\/li>\n<li>Geeignet f\u00fcr Fr\u00fchst\u00fcck und Zwischenmahlzeiten.<\/li>\n<li>K\u00f6stliches Essen und einfache Handhabung \u2013 alles in einem.<\/li>\n<\/ul>\n<h3>Verzehrsempfehlung<\/h3>\n<p>Man kann es Joghurt, M\u00fcsli und Fruchtmischungen hinzuf\u00fcgen, um verschiedene Zubereitungsarten zu kreieren.<\/p>","protected":false},"excerpt":{"rendered":"<p><strong>Getrocknete scharfe Paprika (45-50 St\u00fcck)<\/strong>Es bietet eine praktische und leckere Snack-Alternative f\u00fcr den ganzen Tag. Es l\u00e4sst sich problemlos zwischen den Mahlzeiten, zum Kaffee oder auf gemischten Platten genie\u00dfen.<\/p>","protected":false},"featured_media":11092,"comment_status":"open","ping_status":"closed","template":"","meta":[],"product_brand":[],"product_cat":[131],"product_tag":[],"class_list":{"0":"post-11091","1":"product","2":"type-product","3":"status-publish","4":"has-post-thumbnail","6":"product_cat-yoresel-urunler","8":"first","9":"instock","10":"shipping-taxable","11":"purchasable","12":"product-type-simple"},"_links":{"self":[{"href":"https:\/\/dermannshop.de\/de\/wp-json\/wp\/v2\/product\/11091","targetHints":{"allow":["GET"]}}],"collection":[{"href":"https:\/\/dermannshop.de\/de\/wp-json\/wp\/v2\/product"}],"about":[{"href":"https:\/\/dermannshop.de\/de\/wp-json\/wp\/v2\/types\/product"}],"replies":[{"embeddable":true,"href":"https:\/\/dermannshop.de\/de\/wp-json\/wp\/v2\/comments?post=11091"}],"version-history":[{"count":8,"href":"https:\/\/dermannshop.de\/de\/wp-json\/wp\/v2\/product\/11091\/revisions"}],"predecessor-version":[{"id":13199,"href":"https:\/\/dermannshop.de\/de\/wp-json\/wp\/v2\/product\/11091\/revisions\/13199"}],"wp:featuredmedia":[{"embeddable":true,"href":"https:\/\/dermannshop.de\/de\/wp-json\/wp\/v2\/media\/11092"}],"wp:attachment":[{"href":"https:\/\/dermannshop.de\/de\/wp-json\/wp\/v2\/media?parent=11091"}],"wp:term":[{"taxonomy":"product_brand","embeddable":true,"href":"https:\/\/dermannshop.de\/de\/wp-json\/wp\/v2\/product_brand?post=11091"},{"taxonomy":"product_cat","embeddable":true,"href":"https:\/\/dermannshop.de\/de\/wp-json\/wp\/v2\/product_cat?post=11091"},{"taxonomy":"product_tag","embeddable":true,"href":"https:\/\/dermannshop.de\/de\/wp-json\/wp\/v2\/product_tag?post=11091"}],"curies":[{"name":"wp","href":"https:\/\/api.w.org\/{rel}","templated":true}]}}