{"id":11114,"date":"2025-11-02T16:57:17","date_gmt":"2025-11-02T16:57:17","guid":{"rendered":"https:\/\/dermannshop.de\/?post_type=product&#038;p=11114"},"modified":"2026-04-17T08:19:22","modified_gmt":"2026-04-17T08:19:22","slug":"motakis-olivenol","status":"publish","type":"product","link":"https:\/\/dermannshop.de\/de\/produkt\/motakis-olivenol\/","title":{"rendered":"Motakis Kriton Eleon %100 So\u011fuk S\u0131k\u0131m Naturel S\u0131zma Zeytinya\u011f\u0131 5L"},"content":{"rendered":"<h2>%100 So\u011fuk S\u0131k\u0131m Naturel S\u0131zma Zeytinya\u011f\u0131 5L<\/h2>\n<p>Es ist die ideale Wahl f\u00fcr alle, die in ihrer t\u00e4glichen K\u00fcche Wert auf Qualit\u00e4t und Best\u00e4ndigkeit legen. Dank des Kaltpressverfahrens ist es vielseitig einsetzbar \u2013 von Salaten und Oliven\u00f6lgerichten bis hin zu warmen Speisen und Fr\u00fchst\u00fcck.<\/p>\n<h3>Warum wird es bevorzugt?<\/h3>\n<ul>\n<li>%100 so\u011fuk s\u0131k\u0131m \u00fcretim<\/li>\n<li>Ausgewogenes Aroma beim Rohverzehr.<\/li>\n<li>5-Liter-Familienpackung zum Sparen.<\/li>\n<li>Passt hervorragend zu Rezepten der t\u00fcrkischen K\u00fcche.<\/li>\n<\/ul>\n<h3>Nutzungsempfehlung<\/h3>\n<p>Man kann es direkt in Salaten verwenden oder als Vorspeise oder zum Verfeinern von warmen Gerichten.<\/p>","protected":false},"excerpt":{"rendered":"<p><strong>%100 So\u011fuk S\u0131k\u0131m Naturel S\u0131zma Zeytinya\u011f\u0131 5L<\/strong>Dank seines niedrigen S\u00e4uregehalts und des ausgewogenen Fruchtaromas eignet es sich hervorragend f\u00fcr warme Gerichte und den Rohverzehr. Es ist in einer praktischen 5-Liter-Packung f\u00fcr den Familiengebrauch erh\u00e4ltlich.<\/p>","protected":false},"featured_media":11310,"comment_status":"open","ping_status":"closed","template":"","meta":[],"product_brand":[],"product_cat":[141,127],"product_tag":[],"class_list":{"0":"post-11114","1":"product","2":"type-product","3":"status-publish","4":"has-post-thumbnail","6":"product_cat-indirimler","7":"product_cat-zeytinyagi-zeytin","9":"first","10":"instock","11":"sale","12":"featured","13":"shipping-taxable","14":"purchasable","15":"product-type-simple"},"_links":{"self":[{"href":"https:\/\/dermannshop.de\/de\/wp-json\/wp\/v2\/product\/11114","targetHints":{"allow":["GET"]}}],"collection":[{"href":"https:\/\/dermannshop.de\/de\/wp-json\/wp\/v2\/product"}],"about":[{"href":"https:\/\/dermannshop.de\/de\/wp-json\/wp\/v2\/types\/product"}],"replies":[{"embeddable":true,"href":"https:\/\/dermannshop.de\/de\/wp-json\/wp\/v2\/comments?post=11114"}],"version-history":[{"count":17,"href":"https:\/\/dermannshop.de\/de\/wp-json\/wp\/v2\/product\/11114\/revisions"}],"predecessor-version":[{"id":13354,"href":"https:\/\/dermannshop.de\/de\/wp-json\/wp\/v2\/product\/11114\/revisions\/13354"}],"wp:featuredmedia":[{"embeddable":true,"href":"https:\/\/dermannshop.de\/de\/wp-json\/wp\/v2\/media\/11310"}],"wp:attachment":[{"href":"https:\/\/dermannshop.de\/de\/wp-json\/wp\/v2\/media?parent=11114"}],"wp:term":[{"taxonomy":"product_brand","embeddable":true,"href":"https:\/\/dermannshop.de\/de\/wp-json\/wp\/v2\/product_brand?post=11114"},{"taxonomy":"product_cat","embeddable":true,"href":"https:\/\/dermannshop.de\/de\/wp-json\/wp\/v2\/product_cat?post=11114"},{"taxonomy":"product_tag","embeddable":true,"href":"https:\/\/dermannshop.de\/de\/wp-json\/wp\/v2\/product_tag?post=11114"}],"curies":[{"name":"wp","href":"https:\/\/api.w.org\/{rel}","templated":true}]}}