{"id":11173,"date":"2025-11-02T16:57:17","date_gmt":"2025-11-02T16:57:17","guid":{"rendered":"https:\/\/dermannshop.de\/?post_type=product&#038;p=11173"},"modified":"2026-03-12T20:29:17","modified_gmt":"2026-03-12T20:29:17","slug":"getrocknete-maulbeeren-400-g","status":"publish","type":"product","link":"https:\/\/dermannshop.de\/de\/produkt\/getrocknete-maulbeeren-400-g\/","title":{"rendered":"Getrocknete Maulbeeren 400 g"},"content":{"rendered":"<h2>Getrocknete Maulbeeren 400 g<\/h2>\n<p>Getrocknete Maulbeeren (400 g) sind eine praktische Alternative zu anderen Trockenfr\u00fcchten f\u00fcr alle, die ihren S\u00fc\u00dfhunger \u00fcber den Tag verteilt auf ausgewogene Weise stillen m\u00f6chten. Sie eignen sich als Snack pur oder lassen sich problemlos in Fr\u00fchst\u00fccks- und Zwischenmahlzeiten integrieren.<\/p>\n<h3>Hauptmerkmale<\/h3>\n<ul>\n<li>Praktische Verwendung von Snacks<\/li>\n<li>Geeignet f\u00fcr Fr\u00fchst\u00fcck und Zwischenmahlzeiten.<\/li>\n<li>K\u00f6stliches Essen und einfache Handhabung \u2013 alles in einem.<\/li>\n<\/ul>\n<h3>Verzehrsempfehlung<\/h3>\n<p>Es kann Joghurt, M\u00fcsli und Fruchtmischungen f\u00fcr verschiedene Zubereitungsarten beigemischt werden.<\/p>\n<h3>Lagerungsempfehlung<\/h3>\n<p>Es wird empfohlen, das Produkt an einem k\u00fchlen, trockenen Ort ohne Sonnenlicht und in verschlossener Verpackung aufzubewahren.<\/p>","protected":false},"excerpt":{"rendered":"<p><strong>Getrocknete Maulbeeren 400 g<\/strong>Trockenfr\u00fcchte sind eine leckere und praktische Alternative f\u00fcr Snacks. Sie k\u00f6nnen pur oder auf gemischten Platten f\u00fcr den t\u00e4glichen Verzehr genossen werden.<\/p>","protected":false},"featured_media":11368,"comment_status":"open","ping_status":"closed","template":"","meta":[],"product_brand":[],"product_cat":[130],"product_tag":[],"class_list":{"0":"post-11173","1":"product","2":"type-product","3":"status-publish","4":"has-post-thumbnail","6":"product_cat-kurutulmus-meyveler","8":"first","9":"instock","10":"shipping-taxable","11":"purchasable","12":"product-type-simple"},"_links":{"self":[{"href":"https:\/\/dermannshop.de\/de\/wp-json\/wp\/v2\/product\/11173","targetHints":{"allow":["GET"]}}],"collection":[{"href":"https:\/\/dermannshop.de\/de\/wp-json\/wp\/v2\/product"}],"about":[{"href":"https:\/\/dermannshop.de\/de\/wp-json\/wp\/v2\/types\/product"}],"replies":[{"embeddable":true,"href":"https:\/\/dermannshop.de\/de\/wp-json\/wp\/v2\/comments?post=11173"}],"version-history":[{"count":3,"href":"https:\/\/dermannshop.de\/de\/wp-json\/wp\/v2\/product\/11173\/revisions"}],"predecessor-version":[{"id":13214,"href":"https:\/\/dermannshop.de\/de\/wp-json\/wp\/v2\/product\/11173\/revisions\/13214"}],"wp:featuredmedia":[{"embeddable":true,"href":"https:\/\/dermannshop.de\/de\/wp-json\/wp\/v2\/media\/11368"}],"wp:attachment":[{"href":"https:\/\/dermannshop.de\/de\/wp-json\/wp\/v2\/media?parent=11173"}],"wp:term":[{"taxonomy":"product_brand","embeddable":true,"href":"https:\/\/dermannshop.de\/de\/wp-json\/wp\/v2\/product_brand?post=11173"},{"taxonomy":"product_cat","embeddable":true,"href":"https:\/\/dermannshop.de\/de\/wp-json\/wp\/v2\/product_cat?post=11173"},{"taxonomy":"product_tag","embeddable":true,"href":"https:\/\/dermannshop.de\/de\/wp-json\/wp\/v2\/product_tag?post=11173"}],"curies":[{"name":"wp","href":"https:\/\/api.w.org\/{rel}","templated":true}]}}