{"id":11391,"date":"2025-10-26T04:52:22","date_gmt":"2025-10-26T04:52:22","guid":{"rendered":"https:\/\/dermannshop.de\/?post_type=product&#038;p=11391"},"modified":"2026-03-12T20:17:31","modified_gmt":"2026-03-12T20:17:31","slug":"caykur-rize-touristentee-500g","status":"publish","type":"product","link":"https:\/\/dermannshop.de\/de\/produkt\/caykur-rize-touristentee-500g\/","title":{"rendered":"\u00c7aykur Rize Touristentee 500g"},"content":{"rendered":"<h2>\u00c7aykur Rize Touristentee 500g<\/h2>\n<p>\u00c7aykur Rize Tourist Tea 500g ist ein praktisches und zuverl\u00e4ssiges Produkt f\u00fcr den t\u00e4glichen Gebrauch. Es vereint Geschmack, einfache Handhabung und eine frische Verpackung.<\/p>\n<h3>Hauptmerkmale<\/h3>\n<ul>\n<li>Praktische Anwendung<\/li>\n<li>Geeignet f\u00fcr den t\u00e4glichen Verzehr.<\/li>\n<li>Versand mit Fokus auf Frische.<\/li>\n<\/ul>\n<h3>Nutzungsempfehlung<\/h3>\n<p>Je nach Produktart kann man es zum Fr\u00fchst\u00fcck, als Snack oder in Rezepten verwenden.<\/p>","protected":false},"excerpt":{"rendered":"<p><strong>\u00c7aykur Rize Touristentee 500g<\/strong>Es ist eine praktische und zuverl\u00e4ssige Produktoption f\u00fcr den t\u00e4glichen Gebrauch. Dank der frischen Verpackung und des schnellen Versands erreicht es Sie schnell.<\/p>","protected":false},"featured_media":11947,"comment_status":"open","ping_status":"closed","template":"","meta":[],"product_brand":[],"product_cat":[132],"product_tag":[],"class_list":{"0":"post-11391","1":"product","2":"type-product","3":"status-publish","4":"has-post-thumbnail","6":"product_cat-gida-takviyeleri-suruplar","8":"first","9":"outofstock","10":"shipping-taxable","11":"purchasable","12":"product-type-simple"},"_links":{"self":[{"href":"https:\/\/dermannshop.de\/de\/wp-json\/wp\/v2\/product\/11391","targetHints":{"allow":["GET"]}}],"collection":[{"href":"https:\/\/dermannshop.de\/de\/wp-json\/wp\/v2\/product"}],"about":[{"href":"https:\/\/dermannshop.de\/de\/wp-json\/wp\/v2\/types\/product"}],"replies":[{"embeddable":true,"href":"https:\/\/dermannshop.de\/de\/wp-json\/wp\/v2\/comments?post=11391"}],"version-history":[{"count":2,"href":"https:\/\/dermannshop.de\/de\/wp-json\/wp\/v2\/product\/11391\/revisions"}],"predecessor-version":[{"id":13195,"href":"https:\/\/dermannshop.de\/de\/wp-json\/wp\/v2\/product\/11391\/revisions\/13195"}],"wp:featuredmedia":[{"embeddable":true,"href":"https:\/\/dermannshop.de\/de\/wp-json\/wp\/v2\/media\/11947"}],"wp:attachment":[{"href":"https:\/\/dermannshop.de\/de\/wp-json\/wp\/v2\/media?parent=11391"}],"wp:term":[{"taxonomy":"product_brand","embeddable":true,"href":"https:\/\/dermannshop.de\/de\/wp-json\/wp\/v2\/product_brand?post=11391"},{"taxonomy":"product_cat","embeddable":true,"href":"https:\/\/dermannshop.de\/de\/wp-json\/wp\/v2\/product_cat?post=11391"},{"taxonomy":"product_tag","embeddable":true,"href":"https:\/\/dermannshop.de\/de\/wp-json\/wp\/v2\/product_tag?post=11391"}],"curies":[{"name":"wp","href":"https:\/\/api.w.org\/{rel}","templated":true}]}}