{"id":11590,"date":"2025-11-03T02:48:41","date_gmt":"2025-11-03T02:48:41","guid":{"rendered":"https:\/\/dermannshop.de\/?post_type=product&#038;p=11590"},"modified":"2026-03-12T20:29:09","modified_gmt":"2026-03-12T20:29:09","slug":"corum-gelbe-gerostete-kichererbsen-1-kg","status":"publish","type":"product","link":"https:\/\/dermannshop.de\/de\/produkt\/corum-gelbe-gerostete-kichererbsen-1-kg\/","title":{"rendered":"\u00c7orum Gelbe ger\u00f6stete Kichererbsen 800g"},"content":{"rendered":"<h2>\u00c7orum Gelbe ger\u00f6stete Kichererbsen 800g<\/h2>\n<p>Die ger\u00f6steten gelben Kichererbsen von \u00c7orum (800 g) sind mit ihrer knusprigen Textur und ihrem ausgewogenen Geschmack eine ideale Erg\u00e4nzung f\u00fcr Ihren t\u00e4glichen Snack. Sie eignen sich perfekt f\u00fcr den Genuss zu Hause, im B\u00fcro oder wenn Sie G\u00e4ste bewirten.<\/p>\n<h3>Hauptmerkmale<\/h3>\n<ul>\n<li>Geschmacksprofil, geeignet f\u00fcr den t\u00e4glichen Verzehr.<\/li>\n<li>Verwendung von Snacks und S\u00fc\u00dfigkeiten<\/li>\n<li>Verpackung mit Fokus auf Frische.<\/li>\n<\/ul>\n<h3>Verzehrsempfehlung<\/h3>\n<p>Man kann es pur genie\u00dfen; man kann es aber auch zu einem besseren Geschmackserlebnis kombinieren, zum Beispiel mit Trockenfr\u00fcchten, K\u00e4se und hei\u00dfen Getr\u00e4nken.<\/p>\n<h3>Lagerungsempfehlung<\/h3>\n<p>Es wird empfohlen, das Produkt an einem k\u00fchlen, trockenen Ort ohne Sonnenlicht und in verschlossener Verpackung aufzubewahren.<\/p>","protected":false},"excerpt":{"rendered":"<p><strong>\u00c7orum Gelbe ger\u00f6stete Kichererbsen 800g<\/strong>Es bietet einen knusprigen und ausgewogenen Geschmack f\u00fcr den t\u00e4glichen Snackbedarf. Ob zu Hause, im B\u00fcro oder beim Bewirten von G\u00e4sten \u2013 es ist immer eine gute Wahl.<\/p>","protected":false},"featured_media":11591,"comment_status":"open","ping_status":"closed","template":"","meta":[],"product_brand":[],"product_cat":[124],"product_tag":[],"class_list":{"0":"post-11590","1":"product","2":"type-product","3":"status-publish","4":"has-post-thumbnail","6":"product_cat-kuruyemis-cesitleri","8":"first","9":"instock","10":"shipping-taxable","11":"purchasable","12":"product-type-simple"},"_links":{"self":[{"href":"https:\/\/dermannshop.de\/de\/wp-json\/wp\/v2\/product\/11590","targetHints":{"allow":["GET"]}}],"collection":[{"href":"https:\/\/dermannshop.de\/de\/wp-json\/wp\/v2\/product"}],"about":[{"href":"https:\/\/dermannshop.de\/de\/wp-json\/wp\/v2\/types\/product"}],"replies":[{"embeddable":true,"href":"https:\/\/dermannshop.de\/de\/wp-json\/wp\/v2\/comments?post=11590"}],"version-history":[{"count":7,"href":"https:\/\/dermannshop.de\/de\/wp-json\/wp\/v2\/product\/11590\/revisions"}],"predecessor-version":[{"id":13209,"href":"https:\/\/dermannshop.de\/de\/wp-json\/wp\/v2\/product\/11590\/revisions\/13209"}],"wp:featuredmedia":[{"embeddable":true,"href":"https:\/\/dermannshop.de\/de\/wp-json\/wp\/v2\/media\/11591"}],"wp:attachment":[{"href":"https:\/\/dermannshop.de\/de\/wp-json\/wp\/v2\/media?parent=11590"}],"wp:term":[{"taxonomy":"product_brand","embeddable":true,"href":"https:\/\/dermannshop.de\/de\/wp-json\/wp\/v2\/product_brand?post=11590"},{"taxonomy":"product_cat","embeddable":true,"href":"https:\/\/dermannshop.de\/de\/wp-json\/wp\/v2\/product_cat?post=11590"},{"taxonomy":"product_tag","embeddable":true,"href":"https:\/\/dermannshop.de\/de\/wp-json\/wp\/v2\/product_tag?post=11590"}],"curies":[{"name":"wp","href":"https:\/\/api.w.org\/{rel}","templated":true}]}}