{"id":11749,"date":"2025-11-10T23:15:23","date_gmt":"2025-11-10T23:15:23","guid":{"rendered":"https:\/\/dermannshop.de\/?post_type=product&#038;p=11749"},"modified":"2026-03-12T20:29:07","modified_gmt":"2026-03-12T20:29:07","slug":"gemischte-luxuriose-hochzeitssnacks-1-kg","status":"publish","type":"product","link":"https:\/\/dermannshop.de\/de\/produkt\/gemischte-luxuriose-hochzeitssnacks-1-kg\/","title":{"rendered":"Gemischte Luxus-Hochzeitssnacks 1 kg"},"content":{"rendered":"<h2>Gemischte Luxus-Hochzeitssnacks 1 kg<\/h2>\n<p>Die 1-kg-Packung \u201eGemischte Luxus-Hochzeitssnacks\u201c ist eine praktische und zuverl\u00e4ssige Produktoption f\u00fcr den t\u00e4glichen Gebrauch. Sie bietet den Vorteil von k\u00f6stlichem Geschmack, einfacher Handhabung und frischer Verpackung \u2013 alles in einem.<\/p>\n<h3>Hauptmerkmale<\/h3>\n<ul>\n<li>Praktische Anwendung<\/li>\n<li>Geeignet f\u00fcr den t\u00e4glichen Verzehr.<\/li>\n<li>Versand mit Fokus auf Frische.<\/li>\n<\/ul>\n<h3>Nutzungsempfehlung<\/h3>\n<p>Je nach Produktart kann man es zum Fr\u00fchst\u00fcck, als Snack oder in Rezepten verwenden.<\/p>\n<h3>Lagerungsempfehlung<\/h3>\n<p>Es wird empfohlen, das Produkt an einem k\u00fchlen, trockenen Ort ohne Sonnenlicht und in verschlossener Verpackung aufzubewahren.<\/p>","protected":false},"excerpt":{"rendered":"<p><strong>Gemischte Luxus-Hochzeitssnacks 1 kg<\/strong>Es ist eine praktische und zuverl\u00e4ssige Produktoption f\u00fcr den t\u00e4glichen Gebrauch. Dank der frischen Verpackung und des schnellen Versands erreicht es Sie schnell.<\/p>","protected":false},"featured_media":11750,"comment_status":"open","ping_status":"closed","template":"","meta":[],"product_brand":[],"product_cat":[124],"product_tag":[],"class_list":{"0":"post-11749","1":"product","2":"type-product","3":"status-publish","4":"has-post-thumbnail","6":"product_cat-kuruyemis-cesitleri","8":"first","9":"instock","10":"shipping-taxable","11":"purchasable","12":"product-type-simple"},"_links":{"self":[{"href":"https:\/\/dermannshop.de\/de\/wp-json\/wp\/v2\/product\/11749","targetHints":{"allow":["GET"]}}],"collection":[{"href":"https:\/\/dermannshop.de\/de\/wp-json\/wp\/v2\/product"}],"about":[{"href":"https:\/\/dermannshop.de\/de\/wp-json\/wp\/v2\/types\/product"}],"replies":[{"embeddable":true,"href":"https:\/\/dermannshop.de\/de\/wp-json\/wp\/v2\/comments?post=11749"}],"version-history":[{"count":2,"href":"https:\/\/dermannshop.de\/de\/wp-json\/wp\/v2\/product\/11749\/revisions"}],"predecessor-version":[{"id":13208,"href":"https:\/\/dermannshop.de\/de\/wp-json\/wp\/v2\/product\/11749\/revisions\/13208"}],"wp:featuredmedia":[{"embeddable":true,"href":"https:\/\/dermannshop.de\/de\/wp-json\/wp\/v2\/media\/11750"}],"wp:attachment":[{"href":"https:\/\/dermannshop.de\/de\/wp-json\/wp\/v2\/media?parent=11749"}],"wp:term":[{"taxonomy":"product_brand","embeddable":true,"href":"https:\/\/dermannshop.de\/de\/wp-json\/wp\/v2\/product_brand?post=11749"},{"taxonomy":"product_cat","embeddable":true,"href":"https:\/\/dermannshop.de\/de\/wp-json\/wp\/v2\/product_cat?post=11749"},{"taxonomy":"product_tag","embeddable":true,"href":"https:\/\/dermannshop.de\/de\/wp-json\/wp\/v2\/product_tag?post=11749"}],"curies":[{"name":"wp","href":"https:\/\/api.w.org\/{rel}","templated":true}]}}