{"id":11799,"date":"2025-11-11T01:18:54","date_gmt":"2025-11-11T01:18:54","guid":{"rendered":"https:\/\/dermannshop.de\/?post_type=product&#038;p=11799"},"modified":"2026-03-12T20:35:26","modified_gmt":"2026-03-12T20:35:26","slug":"traubenextrakt-640-g","status":"publish","type":"product","link":"https:\/\/dermannshop.de\/de\/produkt\/traubenextrakt-640-g\/","title":{"rendered":"Traubenextrakt 640 g"},"content":{"rendered":"<h2>Traubenextrakt 640 g<\/h2>\n<p>Traubenextrakt (640 g) ist ein praktisches Produkt f\u00fcr den t\u00e4glichen Gebrauch und wird aufgrund seines Geschmacks gesch\u00e4tzt. Er l\u00e4sst sich einfach zu Hause verwenden, servieren und in Rezepten verarbeiten.<\/p>\n<h3>Hauptmerkmale<\/h3>\n<ul>\n<li>Praktischer Verbrauch und Service<\/li>\n<li>F\u00fcr den t\u00e4glichen Gebrauch konzipiert.<\/li>\n<li>Verpackung mit Fokus auf Frische.<\/li>\n<\/ul>\n<h3>Nutzungsempfehlung<\/h3>\n<p>Je nach Produktart kann man es zum Fr\u00fchst\u00fcck, als Snack oder in Rezepten verwenden.<\/p>\n<h3>Lagerungsempfehlung<\/h3>\n<p>Es wird empfohlen, das Produkt an einem k\u00fchlen, trockenen Ort ohne Sonnenlicht und in verschlossener Verpackung aufzubewahren.<\/p>","protected":false},"excerpt":{"rendered":"<p><strong>Traubenextrakt 640 g<\/strong>Dieses leckere und praktische Produkt wird frisch verpackt f\u00fcr den t\u00e4glichen Gebrauch angeboten. Sie k\u00f6nnen es bedenkenlos f\u00fcr Mahlzeiten und Snacks verwenden.<\/p>","protected":false},"featured_media":11807,"comment_status":"open","ping_status":"closed","template":"","meta":[],"product_brand":[],"product_cat":[137],"product_tag":[],"class_list":{"0":"post-11799","1":"product","2":"type-product","3":"status-publish","4":"has-post-thumbnail","6":"product_cat-organik-yaglar-ozler","8":"first","9":"instock","10":"shipping-taxable","11":"purchasable","12":"product-type-simple"},"_links":{"self":[{"href":"https:\/\/dermannshop.de\/de\/wp-json\/wp\/v2\/product\/11799","targetHints":{"allow":["GET"]}}],"collection":[{"href":"https:\/\/dermannshop.de\/de\/wp-json\/wp\/v2\/product"}],"about":[{"href":"https:\/\/dermannshop.de\/de\/wp-json\/wp\/v2\/types\/product"}],"replies":[{"embeddable":true,"href":"https:\/\/dermannshop.de\/de\/wp-json\/wp\/v2\/comments?post=11799"}],"version-history":[{"count":4,"href":"https:\/\/dermannshop.de\/de\/wp-json\/wp\/v2\/product\/11799\/revisions"}],"predecessor-version":[{"id":13243,"href":"https:\/\/dermannshop.de\/de\/wp-json\/wp\/v2\/product\/11799\/revisions\/13243"}],"wp:featuredmedia":[{"embeddable":true,"href":"https:\/\/dermannshop.de\/de\/wp-json\/wp\/v2\/media\/11807"}],"wp:attachment":[{"href":"https:\/\/dermannshop.de\/de\/wp-json\/wp\/v2\/media?parent=11799"}],"wp:term":[{"taxonomy":"product_brand","embeddable":true,"href":"https:\/\/dermannshop.de\/de\/wp-json\/wp\/v2\/product_brand?post=11799"},{"taxonomy":"product_cat","embeddable":true,"href":"https:\/\/dermannshop.de\/de\/wp-json\/wp\/v2\/product_cat?post=11799"},{"taxonomy":"product_tag","embeddable":true,"href":"https:\/\/dermannshop.de\/de\/wp-json\/wp\/v2\/product_tag?post=11799"}],"curies":[{"name":"wp","href":"https:\/\/api.w.org\/{rel}","templated":true}]}}