{"id":12332,"date":"2025-12-01T04:34:37","date_gmt":"2025-12-01T04:34:37","guid":{"rendered":"https:\/\/dermannshop.de\/?post_type=product&#038;p=12332"},"modified":"2026-03-12T20:41:38","modified_gmt":"2026-03-12T20:41:38","slug":"biberhan-tomatenmark-1-kg","status":"publish","type":"product","link":"https:\/\/dermannshop.de\/de\/produkt\/biberhan-tomatenmark-1-kg\/","title":{"rendered":"Biberhan Tomatenmark 1 kg"},"content":{"rendered":"<h2>Biberhan Tomatenmark 1 kg<\/h2>\n<p>Ein ausgewogenes Aroma ist bei Tomatenmark unerl\u00e4sslich, da es Gerichten Farbe, Konsistenz und Geschmackstiefe verleiht. Biberhan Tomatenmark ist ein unverzichtbares K\u00fcchenprodukt, das diese Anforderung mit Bravour erf\u00fcllt.<\/p>\n<h3>Wichtigste Punkte<\/h3>\n<ul>\n<li>Dickfl\u00fcssige Konsistenz und ausgepr\u00e4gter Tomatengeschmack.<\/li>\n<li>Die 1-kg-Packung bietet den Vorteil einer Langzeitverwendung.<\/li>\n<li>Vielseitig einsetzbar in Suppen, So\u00dfen und Fleisch-\/Eintopfgerichten.<\/li>\n<\/ul>\n<h3>K\u00fcchentipp<\/h3>\n<p>Durch kurzes Anbraten in \u00d6l vor dem Hinzuf\u00fcgen zum Gericht wird der Geschmack intensiver und ausgewogener.<\/p>","protected":false},"excerpt":{"rendered":"<p><strong>Biberhan Tomatenmark 1 kg<\/strong>Mit seiner cremigen Konsistenz und dem intensiven Tomatenaroma bildet es die unverzichtbare Geschmacksgrundlage f\u00fcr Suppen, So\u00dfen und Eint\u00f6pfe. Es ist eine zuverl\u00e4ssige 1-kg-Familienpackung f\u00fcr den t\u00e4glichen Gebrauch.<\/p>","protected":false},"featured_media":12978,"comment_status":"open","ping_status":"closed","template":"","meta":[],"product_brand":[],"product_cat":[128],"product_tag":[],"class_list":{"0":"post-12332","1":"product","2":"type-product","3":"status-publish","4":"has-post-thumbnail","6":"product_cat-domates-biber-salcalari","8":"first","9":"instock","10":"shipping-taxable","11":"purchasable","12":"product-type-simple"},"_links":{"self":[{"href":"https:\/\/dermannshop.de\/de\/wp-json\/wp\/v2\/product\/12332","targetHints":{"allow":["GET"]}}],"collection":[{"href":"https:\/\/dermannshop.de\/de\/wp-json\/wp\/v2\/product"}],"about":[{"href":"https:\/\/dermannshop.de\/de\/wp-json\/wp\/v2\/types\/product"}],"replies":[{"embeddable":true,"href":"https:\/\/dermannshop.de\/de\/wp-json\/wp\/v2\/comments?post=12332"}],"version-history":[{"count":6,"href":"https:\/\/dermannshop.de\/de\/wp-json\/wp\/v2\/product\/12332\/revisions"}],"predecessor-version":[{"id":13267,"href":"https:\/\/dermannshop.de\/de\/wp-json\/wp\/v2\/product\/12332\/revisions\/13267"}],"wp:featuredmedia":[{"embeddable":true,"href":"https:\/\/dermannshop.de\/de\/wp-json\/wp\/v2\/media\/12978"}],"wp:attachment":[{"href":"https:\/\/dermannshop.de\/de\/wp-json\/wp\/v2\/media?parent=12332"}],"wp:term":[{"taxonomy":"product_brand","embeddable":true,"href":"https:\/\/dermannshop.de\/de\/wp-json\/wp\/v2\/product_brand?post=12332"},{"taxonomy":"product_cat","embeddable":true,"href":"https:\/\/dermannshop.de\/de\/wp-json\/wp\/v2\/product_cat?post=12332"},{"taxonomy":"product_tag","embeddable":true,"href":"https:\/\/dermannshop.de\/de\/wp-json\/wp\/v2\/product_tag?post=12332"}],"curies":[{"name":"wp","href":"https:\/\/api.w.org\/{rel}","templated":true}]}}