{"id":12338,"date":"2025-12-01T04:40:02","date_gmt":"2025-12-01T04:40:02","guid":{"rendered":"https:\/\/dermannshop.de\/?post_type=product&#038;p=12338"},"modified":"2026-03-12T20:41:41","modified_gmt":"2026-03-12T20:41:41","slug":"biberhan-paprikapaste-1-kg","status":"publish","type":"product","link":"https:\/\/dermannshop.de\/de\/produkt\/biberhan-paprikapaste-1-kg\/","title":{"rendered":"Biberhan Paprikapaste 1 kg"},"content":{"rendered":"<h2>Biberhan Paprikapaste 1 kg<\/h2>\n<p>Diese Paste vereint das aromatische Aroma von Paprika mit einem ausgewogenen Geschmacksprofil und ist vielseitig in allt\u00e4glichen K\u00fcchenrezepten einsetzbar. Sie ist eine ideale Geschmacksbasis f\u00fcr alle, die es nicht so scharf m\u00f6gen.<\/p>\n<h3>Vorteile<\/h3>\n<ul>\n<li>Ein milder, sanfter und ausgewogener Geschmack.<\/li>\n<li>1 kg Familienpackung<\/li>\n<li>Wird h\u00e4ufig in Rezepten verwendet, vom Fr\u00fchst\u00fcck bis zum Hauptgericht.<\/li>\n<\/ul>\n<h3>Nutzungsempfehlung<\/h3>\n<p>Sie k\u00f6nnen eine vielschichtigere Saucenbasis herstellen, indem Sie sie mit Tomatenmark vermischen.<\/p>","protected":false},"excerpt":{"rendered":"<p><strong>Biberhan Paprikapaste 1 kg<\/strong>Es ist eine milde und aromatische Alternative f\u00fcr alle, die keine scharfen Speisen m\u00f6gen. Es sorgt f\u00fcr ein nat\u00fcrliches Gleichgewicht von Farbe und Geschmack in Menemen, Gerichten auf Oliven\u00f6lbasis und F\u00fcllungen.<\/p>","protected":false},"featured_media":12979,"comment_status":"open","ping_status":"closed","template":"","meta":[],"product_brand":[],"product_cat":[128],"product_tag":[],"class_list":{"0":"post-12338","1":"product","2":"type-product","3":"status-publish","4":"has-post-thumbnail","6":"product_cat-domates-biber-salcalari","8":"first","9":"instock","10":"shipping-taxable","11":"purchasable","12":"product-type-simple"},"_links":{"self":[{"href":"https:\/\/dermannshop.de\/de\/wp-json\/wp\/v2\/product\/12338","targetHints":{"allow":["GET"]}}],"collection":[{"href":"https:\/\/dermannshop.de\/de\/wp-json\/wp\/v2\/product"}],"about":[{"href":"https:\/\/dermannshop.de\/de\/wp-json\/wp\/v2\/types\/product"}],"replies":[{"embeddable":true,"href":"https:\/\/dermannshop.de\/de\/wp-json\/wp\/v2\/comments?post=12338"}],"version-history":[{"count":5,"href":"https:\/\/dermannshop.de\/de\/wp-json\/wp\/v2\/product\/12338\/revisions"}],"predecessor-version":[{"id":13269,"href":"https:\/\/dermannshop.de\/de\/wp-json\/wp\/v2\/product\/12338\/revisions\/13269"}],"wp:featuredmedia":[{"embeddable":true,"href":"https:\/\/dermannshop.de\/de\/wp-json\/wp\/v2\/media\/12979"}],"wp:attachment":[{"href":"https:\/\/dermannshop.de\/de\/wp-json\/wp\/v2\/media?parent=12338"}],"wp:term":[{"taxonomy":"product_brand","embeddable":true,"href":"https:\/\/dermannshop.de\/de\/wp-json\/wp\/v2\/product_brand?post=12338"},{"taxonomy":"product_cat","embeddable":true,"href":"https:\/\/dermannshop.de\/de\/wp-json\/wp\/v2\/product_cat?post=12338"},{"taxonomy":"product_tag","embeddable":true,"href":"https:\/\/dermannshop.de\/de\/wp-json\/wp\/v2\/product_tag?post=12338"}],"curies":[{"name":"wp","href":"https:\/\/api.w.org\/{rel}","templated":true}]}}