{"id":12553,"date":"2025-12-25T17:52:39","date_gmt":"2025-12-25T17:52:39","guid":{"rendered":"https:\/\/dermannshop.de\/?post_type=product&#038;p=12553"},"modified":"2026-03-12T20:35:16","modified_gmt":"2026-03-12T20:35:16","slug":"getrocknete-ananas-mit-zucker-500-g","status":"publish","type":"product","link":"https:\/\/dermannshop.de\/de\/produkt\/getrocknete-ananas-mit-zucker-500-g\/","title":{"rendered":"Getrocknete Ananas (gezuckert) 500 g"},"content":{"rendered":"<h2>Getrocknete Ananas (gezuckert) 500 g<\/h2>\n<p>Ges\u00fc\u00dfte, getrocknete Ananas (500 g) ist ein praktisches Produkt f\u00fcr den t\u00e4glichen Verzehr und aufgrund ihres Geschmacks sehr beliebt. Sie l\u00e4sst sich leicht in der heimischen K\u00fcche verwenden und eignet sich hervorragend zum Servieren und f\u00fcr Rezepte.<\/p>\n<h3>Hauptmerkmale<\/h3>\n<ul>\n<li>Praktischer Verbrauch und Service<\/li>\n<li>F\u00fcr den t\u00e4glichen Gebrauch konzipiert.<\/li>\n<li>Verpackung mit Fokus auf Frische.<\/li>\n<\/ul>\n<h3>Nutzungsempfehlung<\/h3>\n<p>Je nach Produktart kann man es zum Fr\u00fchst\u00fcck, als Snack oder in Rezepten verwenden.<\/p>\n<h3>Lagerungsempfehlung<\/h3>\n<p>Es wird empfohlen, das Produkt an einem k\u00fchlen, trockenen Ort ohne Sonnenlicht und in verschlossener Verpackung aufzubewahren.<\/p>","protected":false},"excerpt":{"rendered":"<p><strong>Getrocknete Ananas (gezuckert) 500 g<\/strong>Dieses leckere und praktische Produkt wird frisch verpackt f\u00fcr den t\u00e4glichen Gebrauch angeboten. Sie k\u00f6nnen es bedenkenlos f\u00fcr Mahlzeiten und Snacks verwenden.<\/p>","protected":false},"featured_media":12554,"comment_status":"open","ping_status":"closed","template":"","meta":[],"product_brand":[],"product_cat":[141],"product_tag":[],"class_list":{"0":"post-12553","1":"product","2":"type-product","3":"status-publish","4":"has-post-thumbnail","6":"product_cat-indirimler","8":"first","9":"instock","10":"shipping-taxable","11":"purchasable","12":"product-type-simple"},"_links":{"self":[{"href":"https:\/\/dermannshop.de\/de\/wp-json\/wp\/v2\/product\/12553","targetHints":{"allow":["GET"]}}],"collection":[{"href":"https:\/\/dermannshop.de\/de\/wp-json\/wp\/v2\/product"}],"about":[{"href":"https:\/\/dermannshop.de\/de\/wp-json\/wp\/v2\/types\/product"}],"replies":[{"embeddable":true,"href":"https:\/\/dermannshop.de\/de\/wp-json\/wp\/v2\/comments?post=12553"}],"version-history":[{"count":3,"href":"https:\/\/dermannshop.de\/de\/wp-json\/wp\/v2\/product\/12553\/revisions"}],"predecessor-version":[{"id":13237,"href":"https:\/\/dermannshop.de\/de\/wp-json\/wp\/v2\/product\/12553\/revisions\/13237"}],"wp:featuredmedia":[{"embeddable":true,"href":"https:\/\/dermannshop.de\/de\/wp-json\/wp\/v2\/media\/12554"}],"wp:attachment":[{"href":"https:\/\/dermannshop.de\/de\/wp-json\/wp\/v2\/media?parent=12553"}],"wp:term":[{"taxonomy":"product_brand","embeddable":true,"href":"https:\/\/dermannshop.de\/de\/wp-json\/wp\/v2\/product_brand?post=12553"},{"taxonomy":"product_cat","embeddable":true,"href":"https:\/\/dermannshop.de\/de\/wp-json\/wp\/v2\/product_cat?post=12553"},{"taxonomy":"product_tag","embeddable":true,"href":"https:\/\/dermannshop.de\/de\/wp-json\/wp\/v2\/product_tag?post=12553"}],"curies":[{"name":"wp","href":"https:\/\/api.w.org\/{rel}","templated":true}]}}