{"id":12560,"date":"2025-12-25T18:35:23","date_gmt":"2025-12-25T18:35:23","guid":{"rendered":"https:\/\/dermannshop.de\/?post_type=product&#038;p=12560"},"modified":"2026-03-12T20:35:11","modified_gmt":"2026-03-12T20:35:11","slug":"kurutulmus-pomelo-sekerli-700g","status":"publish","type":"product","link":"https:\/\/dermannshop.de\/de\/produkt\/kurutulmus-pomelo-sekerli-700g\/","title":{"rendered":"Getrocknete Pomelo (ges\u00fc\u00dft) 700 g"},"content":{"rendered":"<h2>Getrocknete Pomelo (ges\u00fc\u00dft) 700 g<\/h2>\n<p>Kurutulmu\u015f Pomelo (\u015eekerli) 700g, g\u00fcnl\u00fck t\u00fcketimde pratik kullan\u0131m sunan ve lezzet odakl\u0131 tercih edilen bir \u00fcr\u00fcnd\u00fcr. Ev kullan\u0131m\u0131, ikram ve tariflerde rahatl\u0131kla de\u011ferlendirilebilir.<\/p>\n<h3>Hauptmerkmale<\/h3>\n<ul>\n<li>Praktischer Verbrauch und Service<\/li>\n<li>F\u00fcr den t\u00e4glichen Gebrauch konzipiert.<\/li>\n<li>Verpackung mit Fokus auf Frische.<\/li>\n<\/ul>\n<h3>Nutzungsempfehlung<\/h3>\n<p>Je nach Produktart kann man es zum Fr\u00fchst\u00fcck, als Snack oder in Rezepten verwenden.<\/p>\n<h3>Lagerungsempfehlung<\/h3>\n<p>Es wird empfohlen, das Produkt an einem k\u00fchlen, trockenen Ort ohne Sonnenlicht und in verschlossener Verpackung aufzubewahren.<\/p>","protected":false},"excerpt":{"rendered":"<p><strong>Getrocknete Pomelo (ges\u00fc\u00dft) 700 g<\/strong>Dieses leckere und praktische Produkt wird frisch verpackt f\u00fcr den t\u00e4glichen Gebrauch angeboten. Sie k\u00f6nnen es bedenkenlos f\u00fcr Mahlzeiten und Snacks verwenden.<\/p>","protected":false},"featured_media":12579,"comment_status":"open","ping_status":"closed","template":"","meta":[],"product_brand":[],"product_cat":[130],"product_tag":[],"class_list":{"0":"post-12560","1":"product","2":"type-product","3":"status-publish","4":"has-post-thumbnail","6":"product_cat-kurutulmus-meyveler","8":"first","9":"instock","10":"shipping-taxable","11":"purchasable","12":"product-type-simple"},"_links":{"self":[{"href":"https:\/\/dermannshop.de\/de\/wp-json\/wp\/v2\/product\/12560","targetHints":{"allow":["GET"]}}],"collection":[{"href":"https:\/\/dermannshop.de\/de\/wp-json\/wp\/v2\/product"}],"about":[{"href":"https:\/\/dermannshop.de\/de\/wp-json\/wp\/v2\/types\/product"}],"replies":[{"embeddable":true,"href":"https:\/\/dermannshop.de\/de\/wp-json\/wp\/v2\/comments?post=12560"}],"version-history":[{"count":4,"href":"https:\/\/dermannshop.de\/de\/wp-json\/wp\/v2\/product\/12560\/revisions"}],"predecessor-version":[{"id":13234,"href":"https:\/\/dermannshop.de\/de\/wp-json\/wp\/v2\/product\/12560\/revisions\/13234"}],"wp:featuredmedia":[{"embeddable":true,"href":"https:\/\/dermannshop.de\/de\/wp-json\/wp\/v2\/media\/12579"}],"wp:attachment":[{"href":"https:\/\/dermannshop.de\/de\/wp-json\/wp\/v2\/media?parent=12560"}],"wp:term":[{"taxonomy":"product_brand","embeddable":true,"href":"https:\/\/dermannshop.de\/de\/wp-json\/wp\/v2\/product_brand?post=12560"},{"taxonomy":"product_cat","embeddable":true,"href":"https:\/\/dermannshop.de\/de\/wp-json\/wp\/v2\/product_cat?post=12560"},{"taxonomy":"product_tag","embeddable":true,"href":"https:\/\/dermannshop.de\/de\/wp-json\/wp\/v2\/product_tag?post=12560"}],"curies":[{"name":"wp","href":"https:\/\/api.w.org\/{rel}","templated":true}]}}