{"id":12563,"date":"2025-12-25T18:35:05","date_gmt":"2025-12-25T18:35:05","guid":{"rendered":"https:\/\/dermannshop.de\/?post_type=product&#038;p=12563"},"modified":"2026-03-12T20:35:13","modified_gmt":"2026-03-12T20:35:13","slug":"gesuste-bananenchips-500g","status":"publish","type":"product","link":"https:\/\/dermannshop.de\/de\/produkt\/gesuste-bananenchips-500g\/","title":{"rendered":"Bananenchips (s\u00fc\u00df) 500 g"},"content":{"rendered":"<h2>Bananenchips (s\u00fc\u00df) 500 g<\/h2>\n<p>S\u00fc\u00dfe Bananenchips (500 g) sind ein praktisches Produkt f\u00fcr den t\u00e4glichen Verzehr und aufgrund ihres Geschmacks sehr beliebt. Sie lassen sich einfach zu Hause verwenden, zum Servieren von Leckereien und zum Backen.<\/p>\n<h3>Hauptmerkmale<\/h3>\n<ul>\n<li>Praktischer Verbrauch und Service<\/li>\n<li>F\u00fcr den t\u00e4glichen Gebrauch konzipiert.<\/li>\n<li>Verpackung mit Fokus auf Frische.<\/li>\n<\/ul>\n<h3>Nutzungsempfehlung<\/h3>\n<p>Je nach Produktart kann man es zum Fr\u00fchst\u00fcck, als Snack oder in Rezepten verwenden.<\/p>\n<h3>Lagerungsempfehlung<\/h3>\n<p>Es wird empfohlen, das Produkt an einem k\u00fchlen, trockenen Ort ohne Sonnenlicht und in verschlossener Verpackung aufzubewahren.<\/p>","protected":false},"excerpt":{"rendered":"<p><strong>Bananenchips (s\u00fc\u00df) 500 g<\/strong>Dieses leckere und praktische Produkt wird frisch verpackt f\u00fcr den t\u00e4glichen Gebrauch angeboten. Sie k\u00f6nnen es bedenkenlos f\u00fcr Mahlzeiten und Snacks verwenden.<\/p>","protected":false},"featured_media":12564,"comment_status":"open","ping_status":"closed","template":"","meta":[],"product_brand":[],"product_cat":[141],"product_tag":[],"class_list":{"0":"post-12563","1":"product","2":"type-product","3":"status-publish","4":"has-post-thumbnail","6":"product_cat-indirimler","8":"first","9":"instock","10":"shipping-taxable","11":"purchasable","12":"product-type-simple"},"_links":{"self":[{"href":"https:\/\/dermannshop.de\/de\/wp-json\/wp\/v2\/product\/12563","targetHints":{"allow":["GET"]}}],"collection":[{"href":"https:\/\/dermannshop.de\/de\/wp-json\/wp\/v2\/product"}],"about":[{"href":"https:\/\/dermannshop.de\/de\/wp-json\/wp\/v2\/types\/product"}],"replies":[{"embeddable":true,"href":"https:\/\/dermannshop.de\/de\/wp-json\/wp\/v2\/comments?post=12563"}],"version-history":[{"count":3,"href":"https:\/\/dermannshop.de\/de\/wp-json\/wp\/v2\/product\/12563\/revisions"}],"predecessor-version":[{"id":13235,"href":"https:\/\/dermannshop.de\/de\/wp-json\/wp\/v2\/product\/12563\/revisions\/13235"}],"wp:featuredmedia":[{"embeddable":true,"href":"https:\/\/dermannshop.de\/de\/wp-json\/wp\/v2\/media\/12564"}],"wp:attachment":[{"href":"https:\/\/dermannshop.de\/de\/wp-json\/wp\/v2\/media?parent=12563"}],"wp:term":[{"taxonomy":"product_brand","embeddable":true,"href":"https:\/\/dermannshop.de\/de\/wp-json\/wp\/v2\/product_brand?post=12563"},{"taxonomy":"product_cat","embeddable":true,"href":"https:\/\/dermannshop.de\/de\/wp-json\/wp\/v2\/product_cat?post=12563"},{"taxonomy":"product_tag","embeddable":true,"href":"https:\/\/dermannshop.de\/de\/wp-json\/wp\/v2\/product_tag?post=12563"}],"curies":[{"name":"wp","href":"https:\/\/api.w.org\/{rel}","templated":true}]}}