{"id":12647,"date":"2025-12-31T02:00:52","date_gmt":"2025-12-31T02:00:52","guid":{"rendered":"https:\/\/dermannshop.de\/?post_type=product&#038;p=12647"},"modified":"2026-03-12T20:49:57","modified_gmt":"2026-03-12T20:49:57","slug":"450-g-gerostete-sonnenblumenkerne-in-der-schale-und-salz","status":"publish","type":"product","link":"https:\/\/dermannshop.de\/de\/produkt\/450-g-gerostete-sonnenblumenkerne-in-der-schale-und-salz\/","title":{"rendered":"Sonnenblumenkerne \u2013 450 g, gesalzen und ger\u00f6stet"},"content":{"rendered":"<h2>Sonnenblumenkerne \u2013 450 g, gesalzen und ger\u00f6stet<\/h2>\n<p>Sonnenblumenkerne - 450g. Gesalzen und ger\u00f6stet, mit ihrer knusprigen Textur und ihrem ausgewogenen Geschmack bieten sie hohen Genuss beim t\u00e4glichen Snacken und als Leckerbissen.<\/p>\n<h3>Wichtigste Vorteile<\/h3>\n<ul>\n<li>Es bietet sowohl Geschmack als auch Benutzerfreundlichkeit.<\/li>\n<li>Geeignet f\u00fcr den t\u00e4glichen Verzehr und zum Servieren.<\/li>\n<li>Frischeorientierter Verpackungsansatz<\/li>\n<\/ul>\n<h3>Nutzungsempfehlung<\/h3>\n<p>Je nach Produktart kann man es zum Fr\u00fchst\u00fcck, als Snack oder in Rezepten verwenden.<\/p>\n<h3>Lagerungsempfehlung<\/h3>\n<p>Es wird empfohlen, das Produkt an einem k\u00fchlen, trockenen Ort ohne Sonnenlicht und in verschlossener Verpackung aufzubewahren.<\/p>","protected":false},"excerpt":{"rendered":"<p><strong>Sonnenblumenkerne \u2013 450 g, gesalzen und ger\u00f6stet<\/strong>Es bietet einen ausgewogenen Geschmack und ist f\u00fcr die jeweilige Produktpalette vielseitig einsetzbar. Es kann bedenkenlos f\u00fcr den t\u00e4glichen Verzehr, zum Servieren und f\u00fcr die Verwendung in Rezepten verwendet werden.<\/p>","protected":false},"featured_media":12650,"comment_status":"open","ping_status":"closed","template":"","meta":[],"product_brand":[],"product_cat":[124],"product_tag":[],"class_list":{"0":"post-12647","1":"product","2":"type-product","3":"status-publish","4":"has-post-thumbnail","6":"product_cat-kuruyemis-cesitleri","8":"first","9":"instock","10":"shipping-taxable","11":"purchasable","12":"product-type-simple"},"_links":{"self":[{"href":"https:\/\/dermannshop.de\/de\/wp-json\/wp\/v2\/product\/12647","targetHints":{"allow":["GET"]}}],"collection":[{"href":"https:\/\/dermannshop.de\/de\/wp-json\/wp\/v2\/product"}],"about":[{"href":"https:\/\/dermannshop.de\/de\/wp-json\/wp\/v2\/types\/product"}],"replies":[{"embeddable":true,"href":"https:\/\/dermannshop.de\/de\/wp-json\/wp\/v2\/comments?post=12647"}],"version-history":[{"count":6,"href":"https:\/\/dermannshop.de\/de\/wp-json\/wp\/v2\/product\/12647\/revisions"}],"predecessor-version":[{"id":13279,"href":"https:\/\/dermannshop.de\/de\/wp-json\/wp\/v2\/product\/12647\/revisions\/13279"}],"wp:featuredmedia":[{"embeddable":true,"href":"https:\/\/dermannshop.de\/de\/wp-json\/wp\/v2\/media\/12650"}],"wp:attachment":[{"href":"https:\/\/dermannshop.de\/de\/wp-json\/wp\/v2\/media?parent=12647"}],"wp:term":[{"taxonomy":"product_brand","embeddable":true,"href":"https:\/\/dermannshop.de\/de\/wp-json\/wp\/v2\/product_brand?post=12647"},{"taxonomy":"product_cat","embeddable":true,"href":"https:\/\/dermannshop.de\/de\/wp-json\/wp\/v2\/product_cat?post=12647"},{"taxonomy":"product_tag","embeddable":true,"href":"https:\/\/dermannshop.de\/de\/wp-json\/wp\/v2\/product_tag?post=12647"}],"curies":[{"name":"wp","href":"https:\/\/api.w.org\/{rel}","templated":true}]}}