{"id":12828,"date":"2026-01-08T18:09:41","date_gmt":"2026-01-08T18:09:41","guid":{"rendered":"https:\/\/dermannshop.de\/?post_type=product&#038;p=12828"},"modified":"2026-03-12T20:49:52","modified_gmt":"2026-03-12T20:49:52","slug":"3-in-1-vorteilspakete-2","status":"publish","type":"product","link":"https:\/\/dermannshop.de\/de\/produkt\/3-in-1-vorteilspakete-2\/","title":{"rendered":"3-in-1 Vorteilspakete - 2"},"content":{"rendered":"<h2>3-in-1 Vorteilspakete - 2<\/h2>\n<p>Das 3er-Pack Advantage Paket-2 ist eine praktische und zuverl\u00e4ssige Produktwahl f\u00fcr den t\u00e4glichen Gebrauch.<\/p>\n<h3>Wichtigste Vorteile<\/h3>\n<ul>\n<li>Es bietet sowohl Geschmack als auch Benutzerfreundlichkeit.<\/li>\n<li>Geeignet f\u00fcr den t\u00e4glichen Verzehr und zum Servieren.<\/li>\n<li>Frischeorientierter Verpackungsansatz<\/li>\n<\/ul>\n<h3>Nutzungsempfehlung<\/h3>\n<p>Je nach Produktart kann man es zum Fr\u00fchst\u00fcck, als Snack oder in Rezepten verwenden.<\/p>\n<h3>Lagerungsempfehlung<\/h3>\n<p>Es wird empfohlen, das Produkt an einem k\u00fchlen, trockenen Ort ohne Sonnenlicht und in verschlossener Verpackung aufzubewahren.<\/p>","protected":false},"excerpt":{"rendered":"<p><strong>3-in-1 Vorteilspakete - 2<\/strong>Es bietet einen ausgewogenen Geschmack und ist f\u00fcr die jeweilige Produktpalette vielseitig einsetzbar. Es kann bedenkenlos f\u00fcr den t\u00e4glichen Verzehr, zum Servieren und f\u00fcr die Verwendung in Rezepten verwendet werden.<\/p>","protected":false},"featured_media":12895,"comment_status":"open","ping_status":"closed","template":"","meta":[],"product_brand":[],"product_cat":[141],"product_tag":[],"class_list":{"0":"post-12828","1":"product","2":"type-product","3":"status-publish","4":"has-post-thumbnail","6":"product_cat-indirimler","8":"first","9":"instock","10":"sale","11":"shipping-taxable","12":"purchasable","13":"product-type-simple"},"_links":{"self":[{"href":"https:\/\/dermannshop.de\/de\/wp-json\/wp\/v2\/product\/12828","targetHints":{"allow":["GET"]}}],"collection":[{"href":"https:\/\/dermannshop.de\/de\/wp-json\/wp\/v2\/product"}],"about":[{"href":"https:\/\/dermannshop.de\/de\/wp-json\/wp\/v2\/types\/product"}],"replies":[{"embeddable":true,"href":"https:\/\/dermannshop.de\/de\/wp-json\/wp\/v2\/comments?post=12828"}],"version-history":[{"count":6,"href":"https:\/\/dermannshop.de\/de\/wp-json\/wp\/v2\/product\/12828\/revisions"}],"predecessor-version":[{"id":13276,"href":"https:\/\/dermannshop.de\/de\/wp-json\/wp\/v2\/product\/12828\/revisions\/13276"}],"wp:featuredmedia":[{"embeddable":true,"href":"https:\/\/dermannshop.de\/de\/wp-json\/wp\/v2\/media\/12895"}],"wp:attachment":[{"href":"https:\/\/dermannshop.de\/de\/wp-json\/wp\/v2\/media?parent=12828"}],"wp:term":[{"taxonomy":"product_brand","embeddable":true,"href":"https:\/\/dermannshop.de\/de\/wp-json\/wp\/v2\/product_brand?post=12828"},{"taxonomy":"product_cat","embeddable":true,"href":"https:\/\/dermannshop.de\/de\/wp-json\/wp\/v2\/product_cat?post=12828"},{"taxonomy":"product_tag","embeddable":true,"href":"https:\/\/dermannshop.de\/de\/wp-json\/wp\/v2\/product_tag?post=12828"}],"curies":[{"name":"wp","href":"https:\/\/api.w.org\/{rel}","templated":true}]}}