{"id":12948,"date":"2026-01-27T11:19:47","date_gmt":"2026-01-27T11:19:47","guid":{"rendered":"https:\/\/dermannshop.de\/?post_type=product&#038;p=12948"},"modified":"2026-03-12T20:49:47","modified_gmt":"2026-03-12T20:49:47","slug":"bestseller","status":"publish","type":"product","link":"https:\/\/dermannshop.de\/de\/produkt\/bestseller\/","title":{"rendered":"Bestseller"},"content":{"rendered":"<h2>Bestseller<\/h2>\n<p>Bestseller sind eine praktische und zuverl\u00e4ssige Produktwahl f\u00fcr den t\u00e4glichen Gebrauch.<\/p>\n<h3>Wichtigste Vorteile<\/h3>\n<ul>\n<li>Es bietet sowohl Geschmack als auch Benutzerfreundlichkeit.<\/li>\n<li>Geeignet f\u00fcr den t\u00e4glichen Verzehr und zum Servieren.<\/li>\n<li>Frischeorientierter Verpackungsansatz<\/li>\n<\/ul>\n<h3>Nutzungsempfehlung<\/h3>\n<p>Je nach Produktart kann man es zum Fr\u00fchst\u00fcck, als Snack oder in Rezepten verwenden.<\/p>\n<h3>Lagerungsempfehlung<\/h3>\n<p>Es wird empfohlen, das Produkt an einem k\u00fchlen, trockenen Ort ohne Sonnenlicht und in verschlossener Verpackung aufzubewahren.<\/p>","protected":false},"excerpt":{"rendered":"<p><strong>Bestseller<\/strong>Es bietet einen ausgewogenen Geschmack und ist f\u00fcr die jeweilige Produktpalette vielseitig einsetzbar. Es kann bedenkenlos f\u00fcr den t\u00e4glichen Verzehr, zum Servieren und f\u00fcr die Verwendung in Rezepten verwendet werden.<\/p>","protected":false},"featured_media":12949,"comment_status":"open","ping_status":"closed","template":"","meta":[],"product_brand":[],"product_cat":[141],"product_tag":[],"class_list":{"0":"post-12948","1":"product","2":"type-product","3":"status-publish","4":"has-post-thumbnail","6":"product_cat-indirimler","8":"first","9":"instock","10":"sale","11":"featured","12":"shipping-taxable","13":"purchasable","14":"product-type-simple"},"_links":{"self":[{"href":"https:\/\/dermannshop.de\/de\/wp-json\/wp\/v2\/product\/12948","targetHints":{"allow":["GET"]}}],"collection":[{"href":"https:\/\/dermannshop.de\/de\/wp-json\/wp\/v2\/product"}],"about":[{"href":"https:\/\/dermannshop.de\/de\/wp-json\/wp\/v2\/types\/product"}],"replies":[{"embeddable":true,"href":"https:\/\/dermannshop.de\/de\/wp-json\/wp\/v2\/comments?post=12948"}],"version-history":[{"count":6,"href":"https:\/\/dermannshop.de\/de\/wp-json\/wp\/v2\/product\/12948\/revisions"}],"predecessor-version":[{"id":13273,"href":"https:\/\/dermannshop.de\/de\/wp-json\/wp\/v2\/product\/12948\/revisions\/13273"}],"wp:featuredmedia":[{"embeddable":true,"href":"https:\/\/dermannshop.de\/de\/wp-json\/wp\/v2\/media\/12949"}],"wp:attachment":[{"href":"https:\/\/dermannshop.de\/de\/wp-json\/wp\/v2\/media?parent=12948"}],"wp:term":[{"taxonomy":"product_brand","embeddable":true,"href":"https:\/\/dermannshop.de\/de\/wp-json\/wp\/v2\/product_brand?post=12948"},{"taxonomy":"product_cat","embeddable":true,"href":"https:\/\/dermannshop.de\/de\/wp-json\/wp\/v2\/product_cat?post=12948"},{"taxonomy":"product_tag","embeddable":true,"href":"https:\/\/dermannshop.de\/de\/wp-json\/wp\/v2\/product_tag?post=12948"}],"curies":[{"name":"wp","href":"https:\/\/api.w.org\/{rel}","templated":true}]}}