{"id":11516,"date":"2025-11-01T04:38:26","date_gmt":"2025-11-01T04:38:26","guid":{"rendered":"https:\/\/dermannshop.de\/?page_id=11516"},"modified":"2025-11-30T00:33:22","modified_gmt":"2025-11-30T00:33:22","slug":"versand-lieferung-cargodelivery","status":"publish","type":"page","link":"https:\/\/dermannshop.de\/en\/versand-lieferung-cargodelivery\/","title":{"rendered":"Kargo&#038;Teslimat"},"content":{"rendered":"<p data-start=\"209\" data-end=\"294\"><strong data-start=\"209\" data-end=\"239\">Shipping Service Provider:<\/strong> DHL<br data-start=\"243\" data-end=\"246\" \/><strong data-start=\"246\" data-end=\"269\">Delivery Areas:<\/strong> Germany &amp; European Union<\/p>\n<p data-start=\"296\" data-end=\"369\"><strong data-start=\"296\" data-end=\"316\">Shipping Fees:<\/strong><br data-start=\"316\" data-end=\"319\" \/>\u2013 0\u20135 kg: <strong data-start=\"329\" data-end=\"339\">5,99 \u20ac<\/strong><br data-start=\"339\" data-end=\"342\" \/>\u2013 Over 5 kg: <strong data-start=\"356\" data-end=\"367\">10,00 \u20ac<\/strong><\/p>\n<p data-start=\"371\" data-end=\"484\"><strong data-start=\"371\" data-end=\"393\">Delivery Times:<\/strong><br data-start=\"393\" data-end=\"396\" \/>- Germany: <strong data-start=\"407\" data-end=\"422\">1-3 business days<\/strong><br data-start=\"422\" data-end=\"425\" \/>\u2013 EU Countries: <strong data-start=\"440\" data-end=\"455\">3-7 business days<\/strong> (depending on stock availability)<\/p>\n<p data-start=\"486\" data-end=\"632\"><strong data-start=\"486\" data-end=\"507\">Transportation Damages:<\/strong><br data-start=\"507\" data-end=\"510\" \/>After delivery <strong data-start=\"530\" data-end=\"548\">Within 24 hours<\/strong> Please send us the photos; we will initiate the DHL damage claim process.<\/p>\n<p data-start=\"634\" data-end=\"739\"><strong data-start=\"634\" data-end=\"659\">Delivery Delays:<\/strong><br data-start=\"659\" data-end=\"662\" \/>We will inform you immediately via email in case of any delay.<\/p>\n<hr data-start=\"741\" data-end=\"744\" \/>\n<h2 data-start=\"746\" data-end=\"776\"><strong data-start=\"749\" data-end=\"776\">Shipping Costs to Germany<\/strong><\/h2>\n<p data-start=\"777\" data-end=\"918\">Inside Germany <strong data-start=\"789\" data-end=\"810\">Under \u20ac95<\/strong> shipping fee on purchases <strong data-start=\"839\" data-end=\"852\">5,99 \u20ac<\/strong>&#039;Stop.<br data-start=\"857\" data-end=\"860\" \/><strong data-start=\"860\" data-end=\"880\">95 Euros and above<\/strong> in shopping <strong data-start=\"896\" data-end=\"918\">Shipping is free.<\/strong><\/p>\n<hr data-start=\"920\" data-end=\"923\" \/>\n<h2 data-start=\"925\" data-end=\"984\"><strong data-start=\"928\" data-end=\"984\">Shipping costs to Belgium, the Netherlands, France, and Austria.<\/strong><\/h2>\n<p data-start=\"985\" data-end=\"1132\">For these countries <strong data-start=\"1001\" data-end=\"1023\">Under \u20ac110<\/strong> shipping fee on purchases <strong data-start=\"1052\" data-end=\"1065\">9,99 \u20ac<\/strong>&#039;Stop.<br data-start=\"1070\" data-end=\"1073\" \/><strong data-start=\"1073\" data-end=\"1094\">\u20ac110 and above<\/strong> in shopping <strong data-start=\"1110\" data-end=\"1132\">Shipping is free.<\/strong><\/p>\n<hr data-start=\"1134\" data-end=\"1137\" \/>\n<h2 data-start=\"1139\" data-end=\"1167\"><strong data-start=\"1142\" data-end=\"1167\">Other European Countries<\/strong><\/h2>\n<p data-start=\"1168\" data-end=\"1210\">Shipping fee is fixed. <strong data-start=\"1194\" data-end=\"1205\">15 \u20ac<\/strong>&#039;Stop.<\/p>\n<p data-start=\"1168\" data-end=\"1210\">\n<p>Shipping &amp; Delivery<\/p>\n<p>Shipping Service: DHL<br \/>\nVersandgebiet: Deutschland &amp; EU<br \/>\nShipping costs:<br \/>\n\u2013 0\u20135 kg: \u20ac5.99<br \/>\n\u2013 Over 5 kg: \u20ac10.00<br \/>\nLieferzeiten: Deutschland 1\u20133 Werktage, EU 3\u20137 Werktage (abh\u00e4ngig vom Bestand).<br \/>\nTransportsch\u00e4den: Bitte innerhalb von 24 Stunden nach Zustellung mit Foto melden; If you want to know more about DHL.<br \/>\nLieferverz\u00f6gerungen: \u00dcber Verz\u00f6gerungen informieren wir dich unverz\u00fcglich per E-Mail<\/p>","protected":false},"excerpt":{"rendered":"<p>Kargo Hizmeti Sa\u011flay\u0131c\u0131s\u0131: DHLTeslimat B\u00f6lgeleri: Almanya &amp; Avrupa Birli\u011fi Kargo \u00dccretleri:\u2013 0\u20135 kg: 5,99 \u20ac\u2013 5 kg \u00fczeri: 10,00 \u20ac<\/p>","protected":false},"author":2,"featured_media":0,"parent":0,"menu_order":0,"comment_status":"closed","ping_status":"closed","template":"","meta":{"footnotes":""},"class_list":["post-11516","page","type-page","status-publish","hentry"],"_links":{"self":[{"href":"https:\/\/dermannshop.de\/en\/wp-json\/wp\/v2\/pages\/11516","targetHints":{"allow":["GET"]}}],"collection":[{"href":"https:\/\/dermannshop.de\/en\/wp-json\/wp\/v2\/pages"}],"about":[{"href":"https:\/\/dermannshop.de\/en\/wp-json\/wp\/v2\/types\/page"}],"author":[{"embeddable":true,"href":"https:\/\/dermannshop.de\/en\/wp-json\/wp\/v2\/users\/2"}],"replies":[{"embeddable":true,"href":"https:\/\/dermannshop.de\/en\/wp-json\/wp\/v2\/comments?post=11516"}],"version-history":[{"count":11,"href":"https:\/\/dermannshop.de\/en\/wp-json\/wp\/v2\/pages\/11516\/revisions"}],"predecessor-version":[{"id":12198,"href":"https:\/\/dermannshop.de\/en\/wp-json\/wp\/v2\/pages\/11516\/revisions\/12198"}],"wp:attachment":[{"href":"https:\/\/dermannshop.de\/en\/wp-json\/wp\/v2\/media?parent=11516"}],"curies":[{"name":"wp","href":"https:\/\/api.w.org\/{rel}","templated":true}]}}