{"id":11520,"date":"2025-11-01T04:36:47","date_gmt":"2025-11-01T04:36:47","guid":{"rendered":"https:\/\/dermannshop.de\/?page_id=11520"},"modified":"2026-03-08T23:06:45","modified_gmt":"2026-03-08T23:06:45","slug":"agb-allgemeine-geschaftsbedingungen-termsconditions","status":"publish","type":"page","link":"https:\/\/dermannshop.de\/en\/agb-allgemeine-geschaftsbedingungen-termsconditions\/","title":{"rendered":"AGB \u2013 Allgemeine Gesch\u00e4ftsbedingungen (\u015eartlar&#038;Ko\u015fullar)"},"content":{"rendered":"<div data-elementor-type=\"wp-page\" data-elementor-id=\"11520\" class=\"elementor elementor-11520\">\n\t\t\t\t<div class=\"wd-negative-gap elementor-element elementor-element-6cf61f3c e-flex e-con-boxed e-con e-parent\" data-id=\"6cf61f3c\" data-element_type=\"container\" data-e-type=\"container\">\n\t\t\t\t\t<div class=\"e-con-inner\">\n\t\t\t\t<div class=\"elementor-element elementor-element-24edf8b5 color-scheme-inherit text-left elementor-widget elementor-widget-text-editor\" data-id=\"24edf8b5\" data-element_type=\"widget\" data-e-type=\"widget\" data-widget_type=\"text-editor.default\">\n\t\t\t\t\t\t\t\t\t<h2 data-start=\"133\" data-end=\"168\"><strong data-start=\"136\" data-end=\"168\">AGB \u2013 General Terms and Conditions<\/strong><\/h2>\n<h3 data-start=\"170\" data-end=\"187\"><strong data-start=\"174\" data-end=\"187\">1. Scope<\/strong><\/h3>\n<p data-start=\"188\" data-end=\"353\">These General Terms and Conditions (GTC) are operated by Ramazan Y\u0131lmaz (sole proprietorship). <a class=\"decorated-link\" href=\"https:\/\/dermannshop.de\/en\/\" target=\"_new\" rel=\"noopener\" data-start=\"275\" data-end=\"293\">www.dermannshop.de<\/a> This applies to all orders placed through the online store.<\/p>\n<h3 data-start=\"355\" data-end=\"387\"><strong data-start=\"359\" data-end=\"387\">2. Establishment of the Contract<\/strong><\/h3>\n<p data-start=\"388\" data-end=\"622\">The presentation of products does not constitute a legally binding offer. By clicking the \u201cOrder\u201d button, you submit a binding offer. The contract is established upon receipt of the order confirmation by email from us.<\/p>\n<h3 data-start=\"624\" data-end=\"662\"><strong data-start=\"628\" data-end=\"662\">3. Prices and Shipping Costs<\/strong><\/h3>\n<p data-start=\"663\" data-end=\"811\">All prices include legal taxes. <strong data-start=\"697\" data-end=\"715\">final prices<\/strong>Shipping costs are listed separately (see \u201cShipping &amp; Delivery\u201d) and shown during the payment process.<\/p>\n<h3 data-start=\"813\" data-end=\"840\"><strong data-start=\"817\" data-end=\"840\">4. Payment Methods<\/strong><\/h3>\n<p data-start=\"841\" data-end=\"960\">Payment methods are listed on the \u201cPayment Methods\u201d page. Unless otherwise stated, payment is made in cash.<\/p>\n<h3 data-start=\"962\" data-end=\"981\"><strong data-start=\"966\" data-end=\"981\">5. Delivery<\/strong><\/h3>\n<p data-start=\"982\" data-end=\"1116\">Deliveries are made via DHL to the address specified by the customer, provided this is reasonable for the customer. <strong data-start=\"1082\" data-end=\"1103\">partial deliveries<\/strong> It can be done.<\/p>\n<h3 data-start=\"1118\" data-end=\"1152\"><strong data-start=\"1122\" data-end=\"1152\">6. All Rights Reserved<\/strong><\/h3>\n<p data-start=\"1153\" data-end=\"1220\">The goods remain our property until full payment is received.<\/p>\n<h3 data-start=\"1222\" data-end=\"1244\"><strong data-start=\"1226\" data-end=\"1244\">7. Right of Withdrawal<\/strong><\/h3>\n<p data-start=\"1245\" data-end=\"1390\"><a class=\"decorated-link\" href=\"https:\/\/dermannshop.de\/en\/widerruf\/\" target=\"_new\" rel=\"noopener\" data-start=\"1245\" data-end=\"1273\">www.dermannshop.de\/widerruf\/<\/a> located at the address <strong data-start=\"1293\" data-end=\"1324\">Information regarding the right of withdrawal.<\/strong> This applies. Legally defined exceptions for food products are also applicable.<\/p>\n<h3 data-start=\"1392\" data-end=\"1435\"><strong data-start=\"1396\" data-end=\"1435\">8. Warranty \/ Liability for Defective Goods<\/strong><\/h3>\n<p data-start=\"1436\" data-end=\"1657\">Legal provisions regarding defective goods apply. In food products, variations in taste, odor, and appearance, as well as shelf life limitations, are natural characteristics of the product. Proper storage of the products is the customer&#039;s responsibility.<\/p>\n<h3 data-start=\"1659\" data-end=\"1680\"><strong data-start=\"1663\" data-end=\"1680\">9. Responsibility<\/strong><\/h3>\n<p data-start=\"1681\" data-end=\"1955\">In cases of intent and gross negligence, we are liable without limit for any harm to life, bodily harm, or health. In cases of slight negligence, however, we are only liable. <strong data-start=\"1816\" data-end=\"1849\">basic contractual obligations<\/strong> If (cardinal obligations) are breached, we are liable for foreseeable, contractual damages.<\/p>\n<h3 data-start=\"1957\" data-end=\"1987\"><strong data-start=\"1961\" data-end=\"1987\">10. Customer Service<\/strong><\/h3>\n<p data-start=\"1988\" data-end=\"2062\">Communication:<br data-start=\"1997\" data-end=\"2000\">Phone: +49 177 8532936<br data-start=\"2025\" data-end=\"2028\">Email: <a class=\"decorated-link cursor-pointer\" rel=\"noopener\" data-start=\"2037\" data-end=\"2062\">dermannshop1@gmail.com<\/a><\/p>\n<h3 data-start=\"2064\" data-end=\"2125\"><strong data-start=\"2068\" data-end=\"2125\">11. Online Dispute Resolution \/ Consumer Arbitration<\/strong><\/h3>\n<p data-start=\"2126\" data-end=\"2274\">To the ODR platform <a class=\"decorated-link\" href=\"https:\/\/ec.europa.eu\/consumers\/odr\/\" target=\"_new\" rel=\"noopener\" data-start=\"2142\" data-end=\"2177\">https:\/\/ec.europa.eu\/consumers\/odr\/<\/a> It can be reached at [address]. We do not participate in consumer arbitration procedures and are not obligated to do so.<\/p>\n<h3 data-start=\"2276\" data-end=\"2305\"><strong data-start=\"2280\" data-end=\"2305\">12. Applicable Law<\/strong><\/h3>\n<p data-start=\"2306\" data-end=\"2423\">Subject to mandatory consumer protection provisions, German law applies, excluding the UN Sales Law.<\/p>\n<p><strong>AGB \u2013 Allgemeine Gesch\u00e4ftsbedingungen<\/strong><\/p>\n<p>1.\u2060 \u2060Geltungsbereich<br>Diese AGB gelten f\u00fcr alle Bestellungen \u00fcber den Online-Shop www.dermannshop.de von Ramazan Y\u0131lmaz (Einzelunternehmen).<\/p>\n<p>2. Contract<br>Die Pr\u00e4sentation von Artikeln stellt kein rechtlich bindendes Angebot dar. Durch Anklicken des Buttons \u201eBestellen\u201c gibst du ein verbindliches Angebot ab. Der Vertrag kommt mit unserer Bestellbest\u00e4tigung per E-Mail zustande.<\/p>\n<p>3.\u2060 \u2060Preise and Versandkosten<br>Alle Preise sind Endpreise inkl. der gesetzlichen Steuern. Versandkosten werden separat ausgewiesen (siehe \u201eVersand &amp; Lieferung\u201c) und im Checkout angezeigt.<\/p>\n<p>4. Types of Payment<br>Zahlungsarten siehe Seite \u201eZahlungsarten\u201c. Die Zahlung ist, sofern nicht anders angegeben, im Voraus fallig.<\/p>\n<p>5. Delivery<br>Lieferung erfolgt mit DHL an die vom Kunden angegebene Adresse. Teillieferungen sind zul\u00e4ssig, soweit zumutbar.<\/p>\n<p>6.\u2060 \u2060Eigentumsvorbehalt<br>In this case, you can use the Ware unser Eigentum.<\/p>\n<p>7. Widerruf<br>Es gilt die Widerrufsbelehrung auf www.dermannshop.de\/widerruf\/ einschlie\u00dflich der gesetzlich vorgesehenen Ausnahmen f\u00fcr Lebensmittel.<\/p>\n<p>8.\u2060 \u2060Gew\u00e4hrleistung<br>Es gelten die gesetzlichen M\u00e4ngelhaftungsrechte. Bei Lebensmitteln sind naturbedingte sensorische Abweichungen und Haltbarkeitsgrenzen produktimmanent; Fachgerechte Lagerung liegt in der Verantwortung des Kunden.<\/p>\n<p>9. Haftung<br>Wir haften unbeschr\u00e4nkt bei Vorsatz und grober Fahrl\u00e4ssigkeit sowie bei Verletzung von Leben, K\u00f6rper oder Gesundheit. Bei leichter Fahrl\u00e4ssigkeit haften wir nur bei Verletzung wesentlicher Vertragspflichten (Kardinalpflichten) und begrenzt auf den vertragstypischen, vorhersehbaren Schaden.<\/p>\n<p>10. Customer Service<br>Contact: Phone +49 177 8532936<\/p>\n<p>11.\u2060 \u2060Online-Streitbeilegung \/ Verbraucherschlichtung<br>Die ODR-Plattform ist \u00fcber https:\/\/ec.europa.eu\/consumers\/odr\/erreichbar. Wir nehmen nicht an Verbraucherschlichtungsverfahren teil und sind hierzu nicht verpflichtet.<\/p>\n<p>12.\u2060 \u2060Anwendbares Recht<br>Es gilt deutsches Recht unter Ausschluss des UN-Kaufrechts. Zwingende Verbraucherschutzvorschriften des Wohnsitzstaates bleiben unber\u00fchrt.<\/p>\t\t\t\t\t\t\t\t<\/div>\n\t\t\t\t\t<\/div>\n\t\t\t\t<\/div>\n\t\t<div class=\"wd-negative-gap elementor-element elementor-element-5c36cf1 e-flex e-con-boxed e-con e-parent\" data-id=\"5c36cf1\" data-element_type=\"container\" data-e-type=\"container\">\n\t\t\t\t\t<div class=\"e-con-inner\">\n\t\t\t\t<div class=\"elementor-element elementor-element-d3a28f1 elementor-widget elementor-widget-wd_text_block\" data-id=\"d3a28f1\" data-element_type=\"widget\" data-e-type=\"widget\" data-widget_type=\"wd_text_block.default\">\n\t\t\t\t<div class=\"elementor-widget-container\">\n\t\t\t\t\t\t\t<div class=\"wd-text-block reset-last-child text-left\">\n\t\t\t\n\t\t\t\n\t\t\t\t\t<\/div>\n\t\t\t\t\t\t<\/div>\n\t\t\t\t<\/div>\n\t\t\t\t\t<\/div>\n\t\t\t\t<\/div>\n\t\t\t\t<\/div>","protected":false},"excerpt":{"rendered":"<p>AGB \u2013 Genel H\u00fck\u00fcm ve \u015eartlar 1. Kapsam Bu Genel H\u00fck\u00fcm ve \u015eartlar (AGB), Ramazan Y\u0131lmaz (\u015fah\u0131s i\u015fletmesi) taraf\u0131ndan i\u015fletilen<\/p>","protected":false},"author":2,"featured_media":0,"parent":0,"menu_order":0,"comment_status":"closed","ping_status":"closed","template":"","meta":{"footnotes":""},"class_list":["post-11520","page","type-page","status-publish","hentry"],"_links":{"self":[{"href":"https:\/\/dermannshop.de\/en\/wp-json\/wp\/v2\/pages\/11520","targetHints":{"allow":["GET"]}}],"collection":[{"href":"https:\/\/dermannshop.de\/en\/wp-json\/wp\/v2\/pages"}],"about":[{"href":"https:\/\/dermannshop.de\/en\/wp-json\/wp\/v2\/types\/page"}],"author":[{"embeddable":true,"href":"https:\/\/dermannshop.de\/en\/wp-json\/wp\/v2\/users\/2"}],"replies":[{"embeddable":true,"href":"https:\/\/dermannshop.de\/en\/wp-json\/wp\/v2\/comments?post=11520"}],"version-history":[{"count":10,"href":"https:\/\/dermannshop.de\/en\/wp-json\/wp\/v2\/pages\/11520\/revisions"}],"predecessor-version":[{"id":13071,"href":"https:\/\/dermannshop.de\/en\/wp-json\/wp\/v2\/pages\/11520\/revisions\/13071"}],"wp:attachment":[{"href":"https:\/\/dermannshop.de\/en\/wp-json\/wp\/v2\/media?parent=11520"}],"curies":[{"name":"wp","href":"https:\/\/api.w.org\/{rel}","templated":true}]}}