{"id":10994,"date":"2025-09-26T08:56:45","date_gmt":"2025-09-26T08:56:45","guid":{"rendered":"https:\/\/dermannshop.de\/?post_type=product&#038;p=10994"},"modified":"2026-04-21T21:35:41","modified_gmt":"2026-04-21T21:35:41","slug":"kavrulmus-misir-600-g","status":"publish","type":"product","link":"https:\/\/dermannshop.de\/en\/product\/kavrulmus-misir-600-g\/","title":{"rendered":"Roasted Corn 600 g"},"content":{"rendered":"<h2>Roasted Corn 600 g<\/h2>\n<p>Kavrulmu\u015f M\u0131s\u0131r 600 g, g\u00fcnl\u00fck kullan\u0131m i\u00e7in pratik ve g\u00fcvenilir bir \u00fcr\u00fcn se\u00e7ene\u011fidir. Lezzet, kullan\u0131m kolayl\u0131\u011f\u0131 ve taze paketleme avantaj\u0131n\u0131 bir arada sunar.<\/p>\n<h3>Key features<\/h3>\n<ul>\n<li>Practical use<\/li>\n<li>Suitable for daily consumption.<\/li>\n<li>Freshness-focused shipping.<\/li>\n<\/ul>\n<h3>Usage recommendation<\/h3>\n<p>Depending on the product type, you can use it for breakfast, as a snack, or in recipes.<\/p>","protected":false},"excerpt":{"rendered":"<p><strong>Roasted Corn 600 g<\/strong>It is a practical and reliable product option for daily use. With the advantage of fresh packaging and fast shipping, it reaches your table quickly.<\/p>","protected":false},"featured_media":10995,"comment_status":"open","ping_status":"closed","template":"","meta":[],"product_brand":[],"product_cat":[124],"product_tag":[],"class_list":{"0":"post-10994","1":"product","2":"type-product","3":"status-publish","4":"has-post-thumbnail","6":"product_cat-kuruyemis-cesitleri","8":"first","9":"outofstock","10":"shipping-taxable","11":"purchasable","12":"product-type-simple"},"_links":{"self":[{"href":"https:\/\/dermannshop.de\/en\/wp-json\/wp\/v2\/product\/10994","targetHints":{"allow":["GET"]}}],"collection":[{"href":"https:\/\/dermannshop.de\/en\/wp-json\/wp\/v2\/product"}],"about":[{"href":"https:\/\/dermannshop.de\/en\/wp-json\/wp\/v2\/types\/product"}],"replies":[{"embeddable":true,"href":"https:\/\/dermannshop.de\/en\/wp-json\/wp\/v2\/comments?post=10994"}],"version-history":[{"count":4,"href":"https:\/\/dermannshop.de\/en\/wp-json\/wp\/v2\/product\/10994\/revisions"}],"predecessor-version":[{"id":13371,"href":"https:\/\/dermannshop.de\/en\/wp-json\/wp\/v2\/product\/10994\/revisions\/13371"}],"wp:featuredmedia":[{"embeddable":true,"href":"https:\/\/dermannshop.de\/en\/wp-json\/wp\/v2\/media\/10995"}],"wp:attachment":[{"href":"https:\/\/dermannshop.de\/en\/wp-json\/wp\/v2\/media?parent=10994"}],"wp:term":[{"taxonomy":"product_brand","embeddable":true,"href":"https:\/\/dermannshop.de\/en\/wp-json\/wp\/v2\/product_brand?post=10994"},{"taxonomy":"product_cat","embeddable":true,"href":"https:\/\/dermannshop.de\/en\/wp-json\/wp\/v2\/product_cat?post=10994"},{"taxonomy":"product_tag","embeddable":true,"href":"https:\/\/dermannshop.de\/en\/wp-json\/wp\/v2\/product_tag?post=10994"}],"curies":[{"name":"wp","href":"https:\/\/api.w.org\/{rel}","templated":true}]}}