{"id":11091,"date":"2025-10-16T16:14:25","date_gmt":"2025-10-16T16:14:25","guid":{"rendered":"https:\/\/dermannshop.de\/?post_type=product&#038;p=11091"},"modified":"2026-03-12T20:17:38","modified_gmt":"2026-03-12T20:17:38","slug":"antep-dolmalik-biber-aci-45-50-adet","status":"publish","type":"product","link":"https:\/\/dermannshop.de\/en\/product\/antep-dolmalik-biber-aci-45-50-adet\/","title":{"rendered":"Dried Hot Bell Peppers (45-50 Pieces)"},"content":{"rendered":"<h2>Dried Hot Bell Peppers (45-50 Pieces)<\/h2>\n<p>Dolmal\u0131k Biber Kurusu Ac\u0131 (45-50Adet), g\u00fcnl\u00fck tatl\u0131 ihtiyac\u0131n\u0131 daha dengeli \u015fekilde kar\u015f\u0131lamak isteyenler i\u00e7in pratik bir kuru meyve alternatifidir. Tek ba\u015f\u0131na at\u0131\u015ft\u0131rmal\u0131k olarak t\u00fcketilebildi\u011fi gibi kahvalt\u0131 ve ara \u00f6\u011f\u00fcnlerde de rahatl\u0131kla de\u011ferlendirilebilir.<\/p>\n<h3>Key features<\/h3>\n<ul>\n<li>Practical snack usage<\/li>\n<li>Suitable for breakfast and snacks.<\/li>\n<li>Delicious food and easy to use, all in one.<\/li>\n<\/ul>\n<h3>Consumption recommendation<\/h3>\n<p>Yo\u011furt, granola ve meyve kar\u0131\u015f\u0131mlar\u0131na ekleyerek farkl\u0131 sunumlar haz\u0131rlayabilirsiniz.<\/p>","protected":false},"excerpt":{"rendered":"<p><strong>Dried Hot Bell Peppers (45-50 Pieces)<\/strong>, g\u00fcn i\u00e7inde pratik ve lezzetli bir at\u0131\u015ft\u0131rmal\u0131k alternatifi sunar. Ara \u00f6\u011f\u00fcnlerde, kahve yan\u0131nda veya kar\u0131\u015f\u0131m tabaklar\u0131nda rahatl\u0131kla t\u00fcketilebilir.<\/p>","protected":false},"featured_media":11092,"comment_status":"open","ping_status":"closed","template":"","meta":[],"product_brand":[],"product_cat":[131],"product_tag":[],"class_list":{"0":"post-11091","1":"product","2":"type-product","3":"status-publish","4":"has-post-thumbnail","6":"product_cat-yoresel-urunler","8":"first","9":"instock","10":"shipping-taxable","11":"purchasable","12":"product-type-simple"},"_links":{"self":[{"href":"https:\/\/dermannshop.de\/en\/wp-json\/wp\/v2\/product\/11091","targetHints":{"allow":["GET"]}}],"collection":[{"href":"https:\/\/dermannshop.de\/en\/wp-json\/wp\/v2\/product"}],"about":[{"href":"https:\/\/dermannshop.de\/en\/wp-json\/wp\/v2\/types\/product"}],"replies":[{"embeddable":true,"href":"https:\/\/dermannshop.de\/en\/wp-json\/wp\/v2\/comments?post=11091"}],"version-history":[{"count":8,"href":"https:\/\/dermannshop.de\/en\/wp-json\/wp\/v2\/product\/11091\/revisions"}],"predecessor-version":[{"id":13199,"href":"https:\/\/dermannshop.de\/en\/wp-json\/wp\/v2\/product\/11091\/revisions\/13199"}],"wp:featuredmedia":[{"embeddable":true,"href":"https:\/\/dermannshop.de\/en\/wp-json\/wp\/v2\/media\/11092"}],"wp:attachment":[{"href":"https:\/\/dermannshop.de\/en\/wp-json\/wp\/v2\/media?parent=11091"}],"wp:term":[{"taxonomy":"product_brand","embeddable":true,"href":"https:\/\/dermannshop.de\/en\/wp-json\/wp\/v2\/product_brand?post=11091"},{"taxonomy":"product_cat","embeddable":true,"href":"https:\/\/dermannshop.de\/en\/wp-json\/wp\/v2\/product_cat?post=11091"},{"taxonomy":"product_tag","embeddable":true,"href":"https:\/\/dermannshop.de\/en\/wp-json\/wp\/v2\/product_tag?post=11091"}],"curies":[{"name":"wp","href":"https:\/\/api.w.org\/{rel}","templated":true}]}}