{"id":12476,"date":"2025-12-23T21:46:35","date_gmt":"2025-12-23T21:46:35","guid":{"rendered":"https:\/\/dermannshop.de\/?post_type=product&#038;p=12476"},"modified":"2026-03-12T20:35:21","modified_gmt":"2026-03-12T20:35:21","slug":"yilbasi-paketi-1","status":"publish","type":"product","link":"https:\/\/dermannshop.de\/en\/product\/yilbasi-paketi-1\/","title":{"rendered":"A Feast of Flavors - Part 1"},"content":{"rendered":"<h2>A Feast of Flavors - Part 1<\/h2>\n<p>Lezzet \u015e\u00f6leni-1, g\u00fcnl\u00fck t\u00fcketimde pratik kullan\u0131m sunan ve lezzet odakl\u0131 tercih edilen bir \u00fcr\u00fcnd\u00fcr. Ev kullan\u0131m\u0131, ikram ve tariflerde rahatl\u0131kla de\u011ferlendirilebilir.<\/p>\n<h3>Key features<\/h3>\n<ul>\n<li>Practical consumption and service<\/li>\n<li>Designed for everyday use.<\/li>\n<li>Freshness-focused packaging.<\/li>\n<\/ul>\n<h3>Usage recommendation<\/h3>\n<p>Depending on the product type, you can use it for breakfast, as a snack, or in recipes.<\/p>\n<h3>Storage recommendation<\/h3>\n<p>It is recommended to store the product in a cool, dry place away from sunlight, with the packaging sealed.<\/p>","protected":false},"excerpt":{"rendered":"<p><strong>A Feast of Flavors - Part 1<\/strong>This is a delicious and practical product option, freshly packaged for daily use. You can safely choose it for meals and snacks.<\/p>","protected":false},"featured_media":12877,"comment_status":"open","ping_status":"closed","template":"","meta":[],"product_brand":[],"product_cat":[141],"product_tag":[],"class_list":{"0":"post-12476","1":"product","2":"type-product","3":"status-publish","4":"has-post-thumbnail","6":"product_cat-indirimler","8":"first","9":"instock","10":"sale","11":"featured","12":"shipping-taxable","13":"purchasable","14":"product-type-simple"},"_links":{"self":[{"href":"https:\/\/dermannshop.de\/en\/wp-json\/wp\/v2\/product\/12476","targetHints":{"allow":["GET"]}}],"collection":[{"href":"https:\/\/dermannshop.de\/en\/wp-json\/wp\/v2\/product"}],"about":[{"href":"https:\/\/dermannshop.de\/en\/wp-json\/wp\/v2\/types\/product"}],"replies":[{"embeddable":true,"href":"https:\/\/dermannshop.de\/en\/wp-json\/wp\/v2\/comments?post=12476"}],"version-history":[{"count":13,"href":"https:\/\/dermannshop.de\/en\/wp-json\/wp\/v2\/product\/12476\/revisions"}],"predecessor-version":[{"id":13240,"href":"https:\/\/dermannshop.de\/en\/wp-json\/wp\/v2\/product\/12476\/revisions\/13240"}],"wp:featuredmedia":[{"embeddable":true,"href":"https:\/\/dermannshop.de\/en\/wp-json\/wp\/v2\/media\/12877"}],"wp:attachment":[{"href":"https:\/\/dermannshop.de\/en\/wp-json\/wp\/v2\/media?parent=12476"}],"wp:term":[{"taxonomy":"product_brand","embeddable":true,"href":"https:\/\/dermannshop.de\/en\/wp-json\/wp\/v2\/product_brand?post=12476"},{"taxonomy":"product_cat","embeddable":true,"href":"https:\/\/dermannshop.de\/en\/wp-json\/wp\/v2\/product_cat?post=12476"},{"taxonomy":"product_tag","embeddable":true,"href":"https:\/\/dermannshop.de\/en\/wp-json\/wp\/v2\/product_tag?post=12476"}],"curies":[{"name":"wp","href":"https:\/\/api.w.org\/{rel}","templated":true}]}}