{"id":12560,"date":"2025-12-25T18:35:23","date_gmt":"2025-12-25T18:35:23","guid":{"rendered":"https:\/\/dermannshop.de\/?post_type=product&#038;p=12560"},"modified":"2026-03-12T20:35:11","modified_gmt":"2026-03-12T20:35:11","slug":"kurutulmus-pomelo-sekerli-700g","status":"publish","type":"product","link":"https:\/\/dermannshop.de\/en\/product\/kurutulmus-pomelo-sekerli-700g\/","title":{"rendered":"Dried Pomelo (Sweetened) 700g"},"content":{"rendered":"<h2>Dried Pomelo (Sweetened) 700g<\/h2>\n<p>Kurutulmu\u015f Pomelo (\u015eekerli) 700g, g\u00fcnl\u00fck t\u00fcketimde pratik kullan\u0131m sunan ve lezzet odakl\u0131 tercih edilen bir \u00fcr\u00fcnd\u00fcr. Ev kullan\u0131m\u0131, ikram ve tariflerde rahatl\u0131kla de\u011ferlendirilebilir.<\/p>\n<h3>Key features<\/h3>\n<ul>\n<li>Practical consumption and service<\/li>\n<li>Designed for everyday use.<\/li>\n<li>Freshness-focused packaging.<\/li>\n<\/ul>\n<h3>Usage recommendation<\/h3>\n<p>Depending on the product type, you can use it for breakfast, as a snack, or in recipes.<\/p>\n<h3>Storage recommendation<\/h3>\n<p>It is recommended to store the product in a cool, dry place away from sunlight, with the packaging sealed.<\/p>","protected":false},"excerpt":{"rendered":"<p><strong>Dried Pomelo (Sweetened) 700g<\/strong>This is a delicious and practical product option, freshly packaged for daily use. You can safely choose it for meals and snacks.<\/p>","protected":false},"featured_media":12579,"comment_status":"open","ping_status":"closed","template":"","meta":[],"product_brand":[],"product_cat":[130],"product_tag":[],"class_list":{"0":"post-12560","1":"product","2":"type-product","3":"status-publish","4":"has-post-thumbnail","6":"product_cat-kurutulmus-meyveler","8":"first","9":"instock","10":"shipping-taxable","11":"purchasable","12":"product-type-simple"},"_links":{"self":[{"href":"https:\/\/dermannshop.de\/en\/wp-json\/wp\/v2\/product\/12560","targetHints":{"allow":["GET"]}}],"collection":[{"href":"https:\/\/dermannshop.de\/en\/wp-json\/wp\/v2\/product"}],"about":[{"href":"https:\/\/dermannshop.de\/en\/wp-json\/wp\/v2\/types\/product"}],"replies":[{"embeddable":true,"href":"https:\/\/dermannshop.de\/en\/wp-json\/wp\/v2\/comments?post=12560"}],"version-history":[{"count":4,"href":"https:\/\/dermannshop.de\/en\/wp-json\/wp\/v2\/product\/12560\/revisions"}],"predecessor-version":[{"id":13234,"href":"https:\/\/dermannshop.de\/en\/wp-json\/wp\/v2\/product\/12560\/revisions\/13234"}],"wp:featuredmedia":[{"embeddable":true,"href":"https:\/\/dermannshop.de\/en\/wp-json\/wp\/v2\/media\/12579"}],"wp:attachment":[{"href":"https:\/\/dermannshop.de\/en\/wp-json\/wp\/v2\/media?parent=12560"}],"wp:term":[{"taxonomy":"product_brand","embeddable":true,"href":"https:\/\/dermannshop.de\/en\/wp-json\/wp\/v2\/product_brand?post=12560"},{"taxonomy":"product_cat","embeddable":true,"href":"https:\/\/dermannshop.de\/en\/wp-json\/wp\/v2\/product_cat?post=12560"},{"taxonomy":"product_tag","embeddable":true,"href":"https:\/\/dermannshop.de\/en\/wp-json\/wp\/v2\/product_tag?post=12560"}],"curies":[{"name":"wp","href":"https:\/\/api.w.org\/{rel}","templated":true}]}}