{"id":12656,"date":"2025-12-31T03:06:52","date_gmt":"2025-12-31T03:06:52","guid":{"rendered":"https:\/\/dermannshop.de\/?post_type=product&#038;p=12656"},"modified":"2026-03-12T20:49:56","modified_gmt":"2026-03-12T20:49:56","slug":"3-al2-ode","status":"publish","type":"product","link":"https:\/\/dermannshop.de\/en\/product\/3-al2-ode\/","title":{"rendered":"Buy 3, Pay for 2 Sunflower Seeds 450g"},"content":{"rendered":"<h2>Buy 3, Pay for 2 Sunflower Seeds 450g<\/h2>\n<p>3 Al,2 \u00d6de Ay\u00e7i\u00e7ek \u00c7ekirde\u011fi 450g, \u00e7\u0131t\u0131r dokusu ve dengeli tad\u0131yla g\u00fcnl\u00fck at\u0131\u015ft\u0131rmal\u0131k ve ikram t\u00fcketiminde y\u00fcksek memnuniyet sunar.<\/p>\n<h3>Key advantages<\/h3>\n<ul>\n<li>It offers both taste and ease of use.<\/li>\n<li>Suitable for daily consumption and serving.<\/li>\n<li>Freshness-focused packaging approach<\/li>\n<\/ul>\n<h3>Usage recommendation<\/h3>\n<p>Depending on the product type, you can use it for breakfast, as a snack, or in recipes.<\/p>\n<h3>Storage recommendation<\/h3>\n<p>It is recommended to store the product in a cool, dry place away from sunlight, with the packaging sealed.<\/p>","protected":false},"excerpt":{"rendered":"<p><strong>Buy 3, Pay for 2 Sunflower Seeds 450g<\/strong>It offers a balanced flavor and practical use suitable for its product range. It can be safely preferred for daily consumption, serving, and recipe use.<\/p>","protected":false},"featured_media":12657,"comment_status":"open","ping_status":"closed","template":"","meta":[],"product_brand":[],"product_cat":[141],"product_tag":[],"class_list":{"0":"post-12656","1":"product","2":"type-product","3":"status-publish","4":"has-post-thumbnail","6":"product_cat-indirimler","8":"first","9":"instock","10":"shipping-taxable","11":"purchasable","12":"product-type-simple"},"_links":{"self":[{"href":"https:\/\/dermannshop.de\/en\/wp-json\/wp\/v2\/product\/12656","targetHints":{"allow":["GET"]}}],"collection":[{"href":"https:\/\/dermannshop.de\/en\/wp-json\/wp\/v2\/product"}],"about":[{"href":"https:\/\/dermannshop.de\/en\/wp-json\/wp\/v2\/types\/product"}],"replies":[{"embeddable":true,"href":"https:\/\/dermannshop.de\/en\/wp-json\/wp\/v2\/comments?post=12656"}],"version-history":[{"count":5,"href":"https:\/\/dermannshop.de\/en\/wp-json\/wp\/v2\/product\/12656\/revisions"}],"predecessor-version":[{"id":13278,"href":"https:\/\/dermannshop.de\/en\/wp-json\/wp\/v2\/product\/12656\/revisions\/13278"}],"wp:featuredmedia":[{"embeddable":true,"href":"https:\/\/dermannshop.de\/en\/wp-json\/wp\/v2\/media\/12657"}],"wp:attachment":[{"href":"https:\/\/dermannshop.de\/en\/wp-json\/wp\/v2\/media?parent=12656"}],"wp:term":[{"taxonomy":"product_brand","embeddable":true,"href":"https:\/\/dermannshop.de\/en\/wp-json\/wp\/v2\/product_brand?post=12656"},{"taxonomy":"product_cat","embeddable":true,"href":"https:\/\/dermannshop.de\/en\/wp-json\/wp\/v2\/product_cat?post=12656"},{"taxonomy":"product_tag","embeddable":true,"href":"https:\/\/dermannshop.de\/en\/wp-json\/wp\/v2\/product_tag?post=12656"}],"curies":[{"name":"wp","href":"https:\/\/api.w.org\/{rel}","templated":true}]}}